{"id":42978,"date":"2021-03-25T11:28:47","date_gmt":"2021-03-25T11:28:47","guid":{"rendered":"http:\/\/imm.medicina.ulisboa.pt\/ficha-tecnica\/"},"modified":"2021-03-28T20:44:27","modified_gmt":"2021-03-28T19:44:27","slug":"ficha-tecnica","status":"publish","type":"page","link":"https:\/\/imm.medicina.ulisboa.pt\/pt-pt\/ficha-tecnica\/","title":{"rendered":"Ficha T\u00e9cnica"},"content":{"rendered":"\n<p>Gest\u00e3o de Conte\u00fados |  Suporte T\u00e9cnico<br>Instituto de Medicina Molecular Jo\u00e3o Lobo Antunes (iMM)<br><br>Design e Desenvolvimento<br>East Atlantic Engineering<br><br>Tecnologias<br>HTML5, CSS3, JavaScript<br><br>Compatibilidade<br>Todo e qualquer navegador que suporte HTML5\/CSS3 e que tenha JavaScript ativado.<br><br>Para uma melhor visualiza\u00e7\u00e3o use um dos seguintes navegadores:<br>Internet Explorer 9 ou 10<br>Firefox<br>Safari<br>Chrome<br><br>Adapt\u00e1vel a v\u00e1rios dispositivos (navegador, tablet e m\u00f3vel).<br><br>Contacto:<br><a href=\"imm-communication@medicina.ulisboa.pt\">imm-communication@medicina.ulisboa.pt<\/a><\/p>\n","protected":false},"excerpt":{"rendered":"<p>Gest\u00e3o de Conte\u00fados | Suporte T\u00e9cnicoInstituto de Medicina Molecular Jo\u00e3o Lobo Antunes (iMM) Design e DesenvolvimentoEast Atlantic Engineering TecnologiasHTML5, CSS3, JavaScript CompatibilidadeTodo e qualquer navegador que suporte HTML5\/CSS3 e que tenha JavaScript ativado. Para uma melhor visualiza\u00e7\u00e3o use um dos seguintes navegadores:Internet Explorer 9 ou 10FirefoxSafariChrome Adapt\u00e1vel a v\u00e1rios dispositivos (navegador, tablet e m\u00f3vel). Contacto:imm-communication@medicina.ulisboa.pt<\/p>\n","protected":false},"author":13,"featured_media":0,"parent":0,"menu_order":0,"comment_status":"closed","ping_status":"closed","template":"","meta":[],"yoast_head":"<!-- This site is optimized with the Yoast SEO plugin v17.4 - https:\/\/yoast.com\/wordpress\/plugins\/seo\/ -->\n<title>Ficha T\u00e9cnica - iMM<\/title>\n<meta name=\"robots\" content=\"index, follow, max-snippet:-1, max-image-preview:large, max-video-preview:-1\" \/>\n<link rel=\"canonical\" href=\"https:\/\/imm.medicina.ulisboa.pt\/pt-pt\/ficha-tecnica\/\" \/>\n<meta property=\"og:locale\" content=\"pt_PT\" \/>\n<meta property=\"og:type\" content=\"article\" \/>\n<meta property=\"og:title\" content=\"Ficha T\u00e9cnica - iMM\" \/>\n<meta property=\"og:description\" content=\"Gest\u00e3o de Conte\u00fados | Suporte T\u00e9cnicoInstituto de Medicina Molecular Jo\u00e3o Lobo Antunes (iMM) Design e DesenvolvimentoEast Atlantic Engineering TecnologiasHTML5, CSS3, JavaScript CompatibilidadeTodo e qualquer navegador que suporte HTML5\/CSS3 e que tenha JavaScript ativado. Para uma melhor visualiza\u00e7\u00e3o use um dos seguintes navegadores:Internet Explorer 9 ou 10FirefoxSafariChrome Adapt\u00e1vel a v\u00e1rios dispositivos (navegador, tablet e m\u00f3vel). Contacto:imm-communication@medicina.ulisboa.pt\" \/>\n<meta property=\"og:url\" content=\"https:\/\/imm.medicina.ulisboa.pt\/pt-pt\/ficha-tecnica\/\" \/>\n<meta property=\"og:site_name\" content=\"iMM\" \/>\n<meta property=\"article:modified_time\" content=\"2021-03-28T19:44:27+00:00\" \/>\n<meta name=\"twitter:card\" content=\"summary_large_image\" \/>\n<script type=\"application\/ld+json\" class=\"yoast-schema-graph\">{\"@context\":\"https:\/\/schema.org\",\"@graph\":[{\"@type\":\"WebSite\",\"@id\":\"https:\/\/imm.medicina.ulisboa.pt\/#website\",\"url\":\"https:\/\/imm.medicina.ulisboa.pt\/\",\"name\":\"iMM\",\"description\":\"Bem-Vindo ao iMM Jo\\u00e3o Lobo Antunes\",\"potentialAction\":[{\"@type\":\"SearchAction\",\"target\":{\"@type\":\"EntryPoint\",\"urlTemplate\":\"https:\/\/imm.medicina.ulisboa.pt\/?s={search_term_string}\"},\"query-input\":\"required name=search_term_string\"}],\"inLanguage\":\"pt-PT\"},{\"@type\":\"WebPage\",\"@id\":\"https:\/\/imm.medicina.ulisboa.pt\/pt-pt\/ficha-tecnica\/#webpage\",\"url\":\"https:\/\/imm.medicina.ulisboa.pt\/pt-pt\/ficha-tecnica\/\",\"name\":\"Ficha T\\u00e9cnica - iMM\",\"isPartOf\":{\"@id\":\"https:\/\/imm.medicina.ulisboa.pt\/#website\"},\"datePublished\":\"2021-03-25T11:28:47+00:00\",\"dateModified\":\"2021-03-28T19:44:27+00:00\",\"breadcrumb\":{\"@id\":\"https:\/\/imm.medicina.ulisboa.pt\/pt-pt\/ficha-tecnica\/#breadcrumb\"},\"inLanguage\":\"pt-PT\",\"potentialAction\":[{\"@type\":\"ReadAction\",\"target\":[\"https:\/\/imm.medicina.ulisboa.pt\/pt-pt\/ficha-tecnica\/\"]}]},{\"@type\":\"BreadcrumbList\",\"@id\":\"https:\/\/imm.medicina.ulisboa.pt\/pt-pt\/ficha-tecnica\/#breadcrumb\",\"itemListElement\":[{\"@type\":\"ListItem\",\"position\":1,\"name\":\"In\\u00edcio\",\"item\":\"https:\/\/imm.medicina.ulisboa.pt\/pt-pt\/\"},{\"@type\":\"ListItem\",\"position\":2,\"name\":\"Ficha T\\u00e9cnica\"}]}]}<\/script>\n<!-- \/ Yoast SEO plugin. -->","yoast_head_json":{"title":"Ficha T\u00e9cnica - iMM","robots":{"index":"index","follow":"follow","max-snippet":"max-snippet:-1","max-image-preview":"max-image-preview:large","max-video-preview":"max-video-preview:-1"},"canonical":"https:\/\/imm.medicina.ulisboa.pt\/pt-pt\/ficha-tecnica\/","og_locale":"pt_PT","og_type":"article","og_title":"Ficha T\u00e9cnica - iMM","og_description":"Gest\u00e3o de Conte\u00fados | Suporte T\u00e9cnicoInstituto de Medicina Molecular Jo\u00e3o Lobo Antunes (iMM) Design e DesenvolvimentoEast Atlantic Engineering TecnologiasHTML5, CSS3, JavaScript CompatibilidadeTodo e qualquer navegador que suporte HTML5\/CSS3 e que tenha JavaScript ativado. Para uma melhor visualiza\u00e7\u00e3o use um dos seguintes navegadores:Internet Explorer 9 ou 10FirefoxSafariChrome Adapt\u00e1vel a v\u00e1rios dispositivos (navegador, tablet e m\u00f3vel). Contacto:imm-communication@medicina.ulisboa.pt","og_url":"https:\/\/imm.medicina.ulisboa.pt\/pt-pt\/ficha-tecnica\/","og_site_name":"iMM","article_modified_time":"2021-03-28T19:44:27+00:00","twitter_card":"summary_large_image","schema":{"@context":"https:\/\/schema.org","@graph":[{"@type":"WebSite","@id":"https:\/\/imm.medicina.ulisboa.pt\/#website","url":"https:\/\/imm.medicina.ulisboa.pt\/","name":"iMM","description":"Bem-Vindo ao iMM Jo\u00e3o Lobo Antunes","potentialAction":[{"@type":"SearchAction","target":{"@type":"EntryPoint","urlTemplate":"https:\/\/imm.medicina.ulisboa.pt\/?s={search_term_string}"},"query-input":"required name=search_term_string"}],"inLanguage":"pt-PT"},{"@type":"WebPage","@id":"https:\/\/imm.medicina.ulisboa.pt\/pt-pt\/ficha-tecnica\/#webpage","url":"https:\/\/imm.medicina.ulisboa.pt\/pt-pt\/ficha-tecnica\/","name":"Ficha T\u00e9cnica - iMM","isPartOf":{"@id":"https:\/\/imm.medicina.ulisboa.pt\/#website"},"datePublished":"2021-03-25T11:28:47+00:00","dateModified":"2021-03-28T19:44:27+00:00","breadcrumb":{"@id":"https:\/\/imm.medicina.ulisboa.pt\/pt-pt\/ficha-tecnica\/#breadcrumb"},"inLanguage":"pt-PT","potentialAction":[{"@type":"ReadAction","target":["https:\/\/imm.medicina.ulisboa.pt\/pt-pt\/ficha-tecnica\/"]}]},{"@type":"BreadcrumbList","@id":"https:\/\/imm.medicina.ulisboa.pt\/pt-pt\/ficha-tecnica\/#breadcrumb","itemListElement":[{"@type":"ListItem","position":1,"name":"In\u00edcio","item":"https:\/\/imm.medicina.ulisboa.pt\/pt-pt\/"},{"@type":"ListItem","position":2,"name":"Ficha T\u00e9cnica"}]}]}},"_links":{"self":[{"href":"https:\/\/imm.medicina.ulisboa.pt\/pt-pt\/wp-json\/wp\/v2\/pages\/42978"}],"collection":[{"href":"https:\/\/imm.medicina.ulisboa.pt\/pt-pt\/wp-json\/wp\/v2\/pages"}],"about":[{"href":"https:\/\/imm.medicina.ulisboa.pt\/pt-pt\/wp-json\/wp\/v2\/types\/page"}],"author":[{"embeddable":true,"href":"https:\/\/imm.medicina.ulisboa.pt\/pt-pt\/wp-json\/wp\/v2\/users\/13"}],"replies":[{"embeddable":true,"href":"https:\/\/imm.medicina.ulisboa.pt\/pt-pt\/wp-json\/wp\/v2\/comments?post=42978"}],"version-history":[{"count":1,"href":"https:\/\/imm.medicina.ulisboa.pt\/pt-pt\/wp-json\/wp\/v2\/pages\/42978\/revisions"}],"predecessor-version":[{"id":42979,"href":"https:\/\/imm.medicina.ulisboa.pt\/pt-pt\/wp-json\/wp\/v2\/pages\/42978\/revisions\/42979"}],"wp:attachment":[{"href":"https:\/\/imm.medicina.ulisboa.pt\/pt-pt\/wp-json\/wp\/v2\/media?parent=42978"}],"curies":[{"name":"wp","href":"https:\/\/api.w.org\/{rel}","templated":true}]}}