{"id":42975,"date":"2021-03-25T12:11:54","date_gmt":"2021-03-25T12:11:54","guid":{"rendered":"http:\/\/imm.medicina.ulisboa.pt\/donativos\/"},"modified":"2024-04-17T17:35:43","modified_gmt":"2024-04-17T16:35:43","slug":"donativos","status":"publish","type":"page","link":"https:\/\/imm.medicina.ulisboa.pt\/pt-pt\/donativos\/","title":{"rendered":"Donativos"},"content":{"rendered":"\r\n<p>O Instituto de Medicina Molecular Jo\u00e3o Lobo Antunes (iMM) \u00e9 considerado um dos principais institutos de investiga\u00e7\u00e3o cient\u00edfica em Portugal. Privado e sem fins lucrativos, oferece um ambiente cient\u00edfico din\u00e2mico e vibrante, onde o objectivo \u00e9 exercer e promover a investiga\u00e7\u00e3o biom\u00e9dica b\u00e1sica, cl\u00ednica, e de transla\u00e7\u00e3o, aplicadas na \u00e1rea das Ci\u00eancias da Sa\u00fade.<br \/><br \/>Os donativos s\u00e3o um contributo essencial \u00e0 atividade cient\u00edfica do Instituto de Medicina Molecular Jo\u00e3o Lobo Antunes.<br \/><br \/>Os dados pessoais recolhidos atrav\u00e9s do formul\u00e1rio de donativos ser\u00e3o utilizados pelo Instituto de Medicina Molecular Jo\u00e3o Lobo Antunes, a fim de dar cumprimento \u00e0s exig\u00eancias legais em vigor, gerir as contribui\u00e7\u00f5es dos doadores e manter contacto regular com os doadores.<br \/><br \/>De acordo com o disposto na legisla\u00e7\u00e3o em vigor sobre Prote\u00e7\u00e3o de Dados, os doadores do Instituto de Medicina Molecular Jo\u00e3o Lobo Antunes podem em qualquer altura exercer o seu direito de acesso, retifica\u00e7\u00e3o, cancelamento e elimina\u00e7\u00e3o por escrito para:<br \/><br \/><strong>Instituto de Medicina Molecular Jo\u00e3o Lobo Antunes (iMM)<\/strong><br \/>Faculdade de Medicina da Universidade de Lisboa<br \/>Av. Professor Egas Moniz<br \/>1649-028 Lisboa, Portugal<br \/><strong>Email:<\/strong> imm@medicina.ulisboa.pt<\/p>\r\n\r\n\r\n<hr class=\"wp-block-separator\" \/>\r\n\r\n\r\n<p>No formul\u00e1rio de donativos poder\u00e1 solicitar a emiss\u00e3o de um recibo donativo que poder\u00e1 ser utilizado para dedu\u00e7\u00f5es de impostos. Para obter este recibo \u00e9 necess\u00e1rio assinalar a op\u00e7\u00e3o &#8220;Deseja receber o recibo-donativo?&#8221; no formul\u00e1rio.<\/p>\r\n\r\n\r\n<hr class=\"wp-block-separator\" \/>\r\n\r\n\r\n<p>Pode fazer um donativo regular ou pontual, atrav\u00e9s dos seguintes m\u00e9todos dispon\u00edveis:<\/p>\r\n\r\n\r\n\r\n<ul>\r\n<li><strong>Cart\u00e3o Visa e Mastercard<\/strong><\/li>\r\n<li><strong>MBWay<\/strong><\/li>\r\n<li><strong>Refer\u00eancia Multibanco<\/strong><\/li>\r\n<\/ul>\r\n\r\n\r\n<hr class=\"wp-block-separator\" \/>\r\n\r\n\r\n<p>A moeda utilizada no valor do seu donativo \u00e9 Euro.<\/p>\r\n\r\n\r\n<hr class=\"wp-block-separator\" \/>\r\n\r\n\r\n<p><strong>Aceda <a href=\"https:\/\/www.easypay.pt\/form\/?f=iMM&amp;lang=pt\" target=\"_blank\" rel=\"noopener\">aqui<\/a> ao formul\u00e1rio de donativos.<\/strong><\/p>\r\n\r\n\r\n\r\n<p>Para qualquer esclarecimento utilize os nossos contatos.<\/p>\r\n\r\n\r\n\r\n<figure class=\"wp-block-image\"><img loading=\"lazy\" width=\"1024\" height=\"354\" class=\"wp-image-42955\" src=\"http:\/\/imm.medicina.ulisboa.pt\/wp-content\/uploads\/2021\/03\/cc-mbs-reta-1024x354.png\" alt=\"\" srcset=\"https:\/\/imm.medicina.ulisboa.pt\/wp-content\/uploads\/2021\/03\/cc-mbs-reta-1024x354.png 1024w, https:\/\/imm.medicina.ulisboa.pt\/wp-content\/uploads\/2021\/03\/cc-mbs-reta-300x104.png 300w, https:\/\/imm.medicina.ulisboa.pt\/wp-content\/uploads\/2021\/03\/cc-mbs-reta-768x265.png 768w, https:\/\/imm.medicina.ulisboa.pt\/wp-content\/uploads\/2021\/03\/cc-mbs-reta.png 1447w\" sizes=\"(max-width: 1024px) 100vw, 1024px\" \/><\/figure>\r\n\r\n\r\n<hr class=\"wp-block-separator\" \/>\r\n\r\n\r\n<p>&nbsp;<\/p>\r\n","protected":false},"excerpt":{"rendered":"<p>O Instituto de Medicina Molecular Jo\u00e3o Lobo Antunes (iMM) \u00e9 considerado um dos principais institutos de investiga\u00e7\u00e3o cient\u00edfica em Portugal. Privado e sem fins lucrativos, oferece um ambiente cient\u00edfico din\u00e2mico e vibrante, onde o objectivo \u00e9 exercer e promover a investiga\u00e7\u00e3o biom\u00e9dica b\u00e1sica, cl\u00ednica, e de transla\u00e7\u00e3o, aplicadas na \u00e1rea das Ci\u00eancias da Sa\u00fade. Os [&hellip;]<\/p>\n","protected":false},"author":13,"featured_media":0,"parent":0,"menu_order":0,"comment_status":"closed","ping_status":"closed","template":"","meta":[],"yoast_head":"<!-- This site is optimized with the Yoast SEO plugin v17.4 - https:\/\/yoast.com\/wordpress\/plugins\/seo\/ -->\n<title>Donativos - iMM<\/title>\n<meta name=\"robots\" content=\"index, follow, max-snippet:-1, max-image-preview:large, max-video-preview:-1\" \/>\n<link rel=\"canonical\" href=\"https:\/\/imm.medicina.ulisboa.pt\/pt-pt\/donativos\/\" \/>\n<meta property=\"og:locale\" content=\"pt_PT\" \/>\n<meta property=\"og:type\" content=\"article\" \/>\n<meta property=\"og:title\" content=\"Donativos - iMM\" \/>\n<meta property=\"og:description\" content=\"O Instituto de Medicina Molecular Jo\u00e3o Lobo Antunes (iMM) \u00e9 considerado um dos principais institutos de investiga\u00e7\u00e3o cient\u00edfica em Portugal. Privado e sem fins lucrativos, oferece um ambiente cient\u00edfico din\u00e2mico e vibrante, onde o objectivo \u00e9 exercer e promover a investiga\u00e7\u00e3o biom\u00e9dica b\u00e1sica, cl\u00ednica, e de transla\u00e7\u00e3o, aplicadas na \u00e1rea das Ci\u00eancias da Sa\u00fade. Os [&hellip;]\" \/>\n<meta property=\"og:url\" content=\"https:\/\/imm.medicina.ulisboa.pt\/pt-pt\/donativos\/\" \/>\n<meta property=\"og:site_name\" content=\"iMM\" \/>\n<meta property=\"article:modified_time\" content=\"2024-04-17T16:35:43+00:00\" \/>\n<meta property=\"og:image\" content=\"http:\/\/imm.medicina.ulisboa.pt\/wp-content\/uploads\/2021\/03\/cc-mbs-reta-1024x354.png\" \/>\n<meta name=\"twitter:card\" content=\"summary_large_image\" \/>\n<meta name=\"twitter:label1\" content=\"Tempo estimado de leitura\" \/>\n\t<meta name=\"twitter:data1\" content=\"1 minuto\" \/>\n<script type=\"application\/ld+json\" class=\"yoast-schema-graph\">{\"@context\":\"https:\/\/schema.org\",\"@graph\":[{\"@type\":\"WebSite\",\"@id\":\"https:\/\/imm.medicina.ulisboa.pt\/#website\",\"url\":\"https:\/\/imm.medicina.ulisboa.pt\/\",\"name\":\"iMM\",\"description\":\"Bem-Vindo ao iMM Jo\\u00e3o Lobo Antunes\",\"potentialAction\":[{\"@type\":\"SearchAction\",\"target\":{\"@type\":\"EntryPoint\",\"urlTemplate\":\"https:\/\/imm.medicina.ulisboa.pt\/?s={search_term_string}\"},\"query-input\":\"required name=search_term_string\"}],\"inLanguage\":\"pt-PT\"},{\"@type\":\"ImageObject\",\"@id\":\"https:\/\/imm.medicina.ulisboa.pt\/pt-pt\/donativos\/#primaryimage\",\"inLanguage\":\"pt-PT\",\"url\":\"http:\/\/imm.medicina.ulisboa.pt\/wp-content\/uploads\/2021\/03\/cc-mbs-reta-1024x354.png\",\"contentUrl\":\"http:\/\/imm.medicina.ulisboa.pt\/wp-content\/uploads\/2021\/03\/cc-mbs-reta-1024x354.png\"},{\"@type\":\"WebPage\",\"@id\":\"https:\/\/imm.medicina.ulisboa.pt\/pt-pt\/donativos\/#webpage\",\"url\":\"https:\/\/imm.medicina.ulisboa.pt\/pt-pt\/donativos\/\",\"name\":\"Donativos - iMM\",\"isPartOf\":{\"@id\":\"https:\/\/imm.medicina.ulisboa.pt\/#website\"},\"primaryImageOfPage\":{\"@id\":\"https:\/\/imm.medicina.ulisboa.pt\/pt-pt\/donativos\/#primaryimage\"},\"datePublished\":\"2021-03-25T12:11:54+00:00\",\"dateModified\":\"2024-04-17T16:35:43+00:00\",\"breadcrumb\":{\"@id\":\"https:\/\/imm.medicina.ulisboa.pt\/pt-pt\/donativos\/#breadcrumb\"},\"inLanguage\":\"pt-PT\",\"potentialAction\":[{\"@type\":\"ReadAction\",\"target\":[\"https:\/\/imm.medicina.ulisboa.pt\/pt-pt\/donativos\/\"]}]},{\"@type\":\"BreadcrumbList\",\"@id\":\"https:\/\/imm.medicina.ulisboa.pt\/pt-pt\/donativos\/#breadcrumb\",\"itemListElement\":[{\"@type\":\"ListItem\",\"position\":1,\"name\":\"In\\u00edcio\",\"item\":\"https:\/\/imm.medicina.ulisboa.pt\/pt-pt\/\"},{\"@type\":\"ListItem\",\"position\":2,\"name\":\"Donativos\"}]}]}<\/script>\n<!-- \/ Yoast SEO plugin. -->","yoast_head_json":{"title":"Donativos - iMM","robots":{"index":"index","follow":"follow","max-snippet":"max-snippet:-1","max-image-preview":"max-image-preview:large","max-video-preview":"max-video-preview:-1"},"canonical":"https:\/\/imm.medicina.ulisboa.pt\/pt-pt\/donativos\/","og_locale":"pt_PT","og_type":"article","og_title":"Donativos - iMM","og_description":"O Instituto de Medicina Molecular Jo\u00e3o Lobo Antunes (iMM) \u00e9 considerado um dos principais institutos de investiga\u00e7\u00e3o cient\u00edfica em Portugal. Privado e sem fins lucrativos, oferece um ambiente cient\u00edfico din\u00e2mico e vibrante, onde o objectivo \u00e9 exercer e promover a investiga\u00e7\u00e3o biom\u00e9dica b\u00e1sica, cl\u00ednica, e de transla\u00e7\u00e3o, aplicadas na \u00e1rea das Ci\u00eancias da Sa\u00fade. Os [&hellip;]","og_url":"https:\/\/imm.medicina.ulisboa.pt\/pt-pt\/donativos\/","og_site_name":"iMM","article_modified_time":"2024-04-17T16:35:43+00:00","og_image":[{"url":"http:\/\/imm.medicina.ulisboa.pt\/wp-content\/uploads\/2021\/03\/cc-mbs-reta-1024x354.png"}],"twitter_card":"summary_large_image","twitter_misc":{"Tempo estimado de leitura":"1 minuto"},"schema":{"@context":"https:\/\/schema.org","@graph":[{"@type":"WebSite","@id":"https:\/\/imm.medicina.ulisboa.pt\/#website","url":"https:\/\/imm.medicina.ulisboa.pt\/","name":"iMM","description":"Bem-Vindo ao iMM Jo\u00e3o Lobo Antunes","potentialAction":[{"@type":"SearchAction","target":{"@type":"EntryPoint","urlTemplate":"https:\/\/imm.medicina.ulisboa.pt\/?s={search_term_string}"},"query-input":"required name=search_term_string"}],"inLanguage":"pt-PT"},{"@type":"ImageObject","@id":"https:\/\/imm.medicina.ulisboa.pt\/pt-pt\/donativos\/#primaryimage","inLanguage":"pt-PT","url":"http:\/\/imm.medicina.ulisboa.pt\/wp-content\/uploads\/2021\/03\/cc-mbs-reta-1024x354.png","contentUrl":"http:\/\/imm.medicina.ulisboa.pt\/wp-content\/uploads\/2021\/03\/cc-mbs-reta-1024x354.png"},{"@type":"WebPage","@id":"https:\/\/imm.medicina.ulisboa.pt\/pt-pt\/donativos\/#webpage","url":"https:\/\/imm.medicina.ulisboa.pt\/pt-pt\/donativos\/","name":"Donativos - iMM","isPartOf":{"@id":"https:\/\/imm.medicina.ulisboa.pt\/#website"},"primaryImageOfPage":{"@id":"https:\/\/imm.medicina.ulisboa.pt\/pt-pt\/donativos\/#primaryimage"},"datePublished":"2021-03-25T12:11:54+00:00","dateModified":"2024-04-17T16:35:43+00:00","breadcrumb":{"@id":"https:\/\/imm.medicina.ulisboa.pt\/pt-pt\/donativos\/#breadcrumb"},"inLanguage":"pt-PT","potentialAction":[{"@type":"ReadAction","target":["https:\/\/imm.medicina.ulisboa.pt\/pt-pt\/donativos\/"]}]},{"@type":"BreadcrumbList","@id":"https:\/\/imm.medicina.ulisboa.pt\/pt-pt\/donativos\/#breadcrumb","itemListElement":[{"@type":"ListItem","position":1,"name":"In\u00edcio","item":"https:\/\/imm.medicina.ulisboa.pt\/pt-pt\/"},{"@type":"ListItem","position":2,"name":"Donativos"}]}]}},"_links":{"self":[{"href":"https:\/\/imm.medicina.ulisboa.pt\/pt-pt\/wp-json\/wp\/v2\/pages\/42975"}],"collection":[{"href":"https:\/\/imm.medicina.ulisboa.pt\/pt-pt\/wp-json\/wp\/v2\/pages"}],"about":[{"href":"https:\/\/imm.medicina.ulisboa.pt\/pt-pt\/wp-json\/wp\/v2\/types\/page"}],"author":[{"embeddable":true,"href":"https:\/\/imm.medicina.ulisboa.pt\/pt-pt\/wp-json\/wp\/v2\/users\/13"}],"replies":[{"embeddable":true,"href":"https:\/\/imm.medicina.ulisboa.pt\/pt-pt\/wp-json\/wp\/v2\/comments?post=42975"}],"version-history":[{"count":3,"href":"https:\/\/imm.medicina.ulisboa.pt\/pt-pt\/wp-json\/wp\/v2\/pages\/42975\/revisions"}],"predecessor-version":[{"id":1044781,"href":"https:\/\/imm.medicina.ulisboa.pt\/pt-pt\/wp-json\/wp\/v2\/pages\/42975\/revisions\/1044781"}],"wp:attachment":[{"href":"https:\/\/imm.medicina.ulisboa.pt\/pt-pt\/wp-json\/wp\/v2\/media?parent=42975"}],"curies":[{"name":"wp","href":"https:\/\/api.w.org\/{rel}","templated":true}]}}