{"id":42935,"date":"2021-03-24T10:57:19","date_gmt":"2021-03-24T10:57:19","guid":{"rendered":"http:\/\/imm.medicina.ulisboa.pt\/?page_id=42935"},"modified":"2021-03-24T10:57:19","modified_gmt":"2021-03-24T10:57:19","slug":"termos-de-utilizacao","status":"publish","type":"page","link":"https:\/\/imm.medicina.ulisboa.pt\/pt-pt\/termos-de-utilizacao\/","title":{"rendered":"Termos de Utiliza\u00e7\u00e3o"},"content":{"rendered":"\n<p>Estes termos de uso regulam a utiliza\u00e7\u00e3o do site do Instituto de Medicina Molecular Jo\u00e3o Lobo Antunes (iMM). Recomenda-se a sua leitura antes de prosseguir a visita ao site.<br><br>O iMM reserva-se o direito de alterar, sem aviso pr\u00e9vio, os termos aqui enunciados, procedendo logo que poss\u00edvel \u00e0 divulga\u00e7\u00e3o das novas condi\u00e7\u00f5es.<br><br>Os conte\u00fados, informa\u00e7\u00e3o, log\u00f3tipos ou outras imagens publicadas neste site pertencem ao iMM e t\u00eam direitos reservados. Qualquer um deles n\u00e3o pode ser reproduzido ou alterado para fins comerciais, ou outros, sem pr\u00e9via autoriza\u00e7\u00e3o. Excetua-se a utiliza\u00e7\u00e3o dos mesmos para fins educativos\/did\u00e1ticos ou jornal\u00edsticos. Nestes casos, dever\u00e1 referir-se o s\u00edtio <a href=\"https:\/\/imm.medicina.ulisboa.pt\/pt-pt\/#\">www.imm.medicina.ulisboa.pt<\/a> como cr\u00e9dito ou fonte da informa\u00e7\u00e3o.<br><br>O iMM n\u00e3o se responsabiliza pela veracidade e qualidade da informa\u00e7\u00e3o contida em sites externos que sejam referenciados como apontadores ou links para facilitar o acesso a informa\u00e7\u00e3o relacionada. <br><br>O iMM n\u00e3o se responsabiliza igualmente pelas pol\u00edticas de privacidade dos respetivos apontadores.<br><br>O iMM procura, na medida do poss\u00edvel, assegurar que este site seja acess\u00edvel a todo o tipo de utilizador. Neste sentido, procuram-se respeitar as condi\u00e7\u00f5es dos utilizadores com necessidades especiais.<br><br>O s\u00edtio do iMM disponibiliza somente informa\u00e7\u00f5es corretas e atualizadas. Por\u00e9m, caso encontre alguma incorre\u00e7\u00e3o, necessite de algum esclarecimento ou queira apresentar sugest\u00f5es pode enviar uma mensagem para <a href=\"imm-communication@medicina.ulisboa.pt\">imm-communication@medicina.ulisboa.pt<\/a><\/p>\n","protected":false},"excerpt":{"rendered":"<p>Estes termos de uso regulam a utiliza\u00e7\u00e3o do site do Instituto de Medicina Molecular Jo\u00e3o Lobo Antunes (iMM). Recomenda-se a sua leitura antes de prosseguir a visita ao site. O iMM reserva-se o direito de alterar, sem aviso pr\u00e9vio, os termos aqui enunciados, procedendo logo que poss\u00edvel \u00e0 divulga\u00e7\u00e3o das novas condi\u00e7\u00f5es. Os conte\u00fados, informa\u00e7\u00e3o, [&hellip;]<\/p>\n","protected":false},"author":13,"featured_media":0,"parent":0,"menu_order":0,"comment_status":"closed","ping_status":"closed","template":"","meta":[],"yoast_head":"<!-- This site is optimized with the Yoast SEO plugin v17.4 - https:\/\/yoast.com\/wordpress\/plugins\/seo\/ -->\n<title>Termos de Utiliza\u00e7\u00e3o - iMM<\/title>\n<meta name=\"robots\" content=\"index, follow, max-snippet:-1, max-image-preview:large, max-video-preview:-1\" \/>\n<link rel=\"canonical\" href=\"https:\/\/imm.medicina.ulisboa.pt\/pt-pt\/termos-de-utilizacao\/\" \/>\n<meta property=\"og:locale\" content=\"pt_PT\" \/>\n<meta property=\"og:type\" content=\"article\" \/>\n<meta property=\"og:title\" content=\"Termos de Utiliza\u00e7\u00e3o - iMM\" \/>\n<meta property=\"og:description\" content=\"Estes termos de uso regulam a utiliza\u00e7\u00e3o do site do Instituto de Medicina Molecular Jo\u00e3o Lobo Antunes (iMM). Recomenda-se a sua leitura antes de prosseguir a visita ao site. O iMM reserva-se o direito de alterar, sem aviso pr\u00e9vio, os termos aqui enunciados, procedendo logo que poss\u00edvel \u00e0 divulga\u00e7\u00e3o das novas condi\u00e7\u00f5es. Os conte\u00fados, informa\u00e7\u00e3o, [&hellip;]\" \/>\n<meta property=\"og:url\" content=\"https:\/\/imm.medicina.ulisboa.pt\/pt-pt\/termos-de-utilizacao\/\" \/>\n<meta property=\"og:site_name\" content=\"iMM\" \/>\n<meta name=\"twitter:card\" content=\"summary_large_image\" \/>\n<meta name=\"twitter:label1\" content=\"Tempo estimado de leitura\" \/>\n\t<meta name=\"twitter:data1\" content=\"1 minuto\" \/>\n<script type=\"application\/ld+json\" class=\"yoast-schema-graph\">{\"@context\":\"https:\/\/schema.org\",\"@graph\":[{\"@type\":\"WebSite\",\"@id\":\"https:\/\/imm.medicina.ulisboa.pt\/#website\",\"url\":\"https:\/\/imm.medicina.ulisboa.pt\/\",\"name\":\"iMM\",\"description\":\"Bem-Vindo ao iMM Jo\\u00e3o Lobo Antunes\",\"potentialAction\":[{\"@type\":\"SearchAction\",\"target\":{\"@type\":\"EntryPoint\",\"urlTemplate\":\"https:\/\/imm.medicina.ulisboa.pt\/?s={search_term_string}\"},\"query-input\":\"required name=search_term_string\"}],\"inLanguage\":\"pt-PT\"},{\"@type\":\"WebPage\",\"@id\":\"https:\/\/imm.medicina.ulisboa.pt\/pt-pt\/termos-de-utilizacao\/#webpage\",\"url\":\"https:\/\/imm.medicina.ulisboa.pt\/pt-pt\/termos-de-utilizacao\/\",\"name\":\"Termos de Utiliza\\u00e7\\u00e3o - iMM\",\"isPartOf\":{\"@id\":\"https:\/\/imm.medicina.ulisboa.pt\/#website\"},\"datePublished\":\"2021-03-24T10:57:19+00:00\",\"dateModified\":\"2021-03-24T10:57:19+00:00\",\"breadcrumb\":{\"@id\":\"https:\/\/imm.medicina.ulisboa.pt\/pt-pt\/termos-de-utilizacao\/#breadcrumb\"},\"inLanguage\":\"pt-PT\",\"potentialAction\":[{\"@type\":\"ReadAction\",\"target\":[\"https:\/\/imm.medicina.ulisboa.pt\/pt-pt\/termos-de-utilizacao\/\"]}]},{\"@type\":\"BreadcrumbList\",\"@id\":\"https:\/\/imm.medicina.ulisboa.pt\/pt-pt\/termos-de-utilizacao\/#breadcrumb\",\"itemListElement\":[{\"@type\":\"ListItem\",\"position\":1,\"name\":\"In\\u00edcio\",\"item\":\"https:\/\/imm.medicina.ulisboa.pt\/pt-pt\/\"},{\"@type\":\"ListItem\",\"position\":2,\"name\":\"Termos de Utiliza\\u00e7\\u00e3o\"}]}]}<\/script>\n<!-- \/ Yoast SEO plugin. -->","yoast_head_json":{"title":"Termos de Utiliza\u00e7\u00e3o - iMM","robots":{"index":"index","follow":"follow","max-snippet":"max-snippet:-1","max-image-preview":"max-image-preview:large","max-video-preview":"max-video-preview:-1"},"canonical":"https:\/\/imm.medicina.ulisboa.pt\/pt-pt\/termos-de-utilizacao\/","og_locale":"pt_PT","og_type":"article","og_title":"Termos de Utiliza\u00e7\u00e3o - iMM","og_description":"Estes termos de uso regulam a utiliza\u00e7\u00e3o do site do Instituto de Medicina Molecular Jo\u00e3o Lobo Antunes (iMM). Recomenda-se a sua leitura antes de prosseguir a visita ao site. O iMM reserva-se o direito de alterar, sem aviso pr\u00e9vio, os termos aqui enunciados, procedendo logo que poss\u00edvel \u00e0 divulga\u00e7\u00e3o das novas condi\u00e7\u00f5es. Os conte\u00fados, informa\u00e7\u00e3o, [&hellip;]","og_url":"https:\/\/imm.medicina.ulisboa.pt\/pt-pt\/termos-de-utilizacao\/","og_site_name":"iMM","twitter_card":"summary_large_image","twitter_misc":{"Tempo estimado de leitura":"1 minuto"},"schema":{"@context":"https:\/\/schema.org","@graph":[{"@type":"WebSite","@id":"https:\/\/imm.medicina.ulisboa.pt\/#website","url":"https:\/\/imm.medicina.ulisboa.pt\/","name":"iMM","description":"Bem-Vindo ao iMM Jo\u00e3o Lobo Antunes","potentialAction":[{"@type":"SearchAction","target":{"@type":"EntryPoint","urlTemplate":"https:\/\/imm.medicina.ulisboa.pt\/?s={search_term_string}"},"query-input":"required name=search_term_string"}],"inLanguage":"pt-PT"},{"@type":"WebPage","@id":"https:\/\/imm.medicina.ulisboa.pt\/pt-pt\/termos-de-utilizacao\/#webpage","url":"https:\/\/imm.medicina.ulisboa.pt\/pt-pt\/termos-de-utilizacao\/","name":"Termos de Utiliza\u00e7\u00e3o - iMM","isPartOf":{"@id":"https:\/\/imm.medicina.ulisboa.pt\/#website"},"datePublished":"2021-03-24T10:57:19+00:00","dateModified":"2021-03-24T10:57:19+00:00","breadcrumb":{"@id":"https:\/\/imm.medicina.ulisboa.pt\/pt-pt\/termos-de-utilizacao\/#breadcrumb"},"inLanguage":"pt-PT","potentialAction":[{"@type":"ReadAction","target":["https:\/\/imm.medicina.ulisboa.pt\/pt-pt\/termos-de-utilizacao\/"]}]},{"@type":"BreadcrumbList","@id":"https:\/\/imm.medicina.ulisboa.pt\/pt-pt\/termos-de-utilizacao\/#breadcrumb","itemListElement":[{"@type":"ListItem","position":1,"name":"In\u00edcio","item":"https:\/\/imm.medicina.ulisboa.pt\/pt-pt\/"},{"@type":"ListItem","position":2,"name":"Termos de Utiliza\u00e7\u00e3o"}]}]}},"_links":{"self":[{"href":"https:\/\/imm.medicina.ulisboa.pt\/pt-pt\/wp-json\/wp\/v2\/pages\/42935"}],"collection":[{"href":"https:\/\/imm.medicina.ulisboa.pt\/pt-pt\/wp-json\/wp\/v2\/pages"}],"about":[{"href":"https:\/\/imm.medicina.ulisboa.pt\/pt-pt\/wp-json\/wp\/v2\/types\/page"}],"author":[{"embeddable":true,"href":"https:\/\/imm.medicina.ulisboa.pt\/pt-pt\/wp-json\/wp\/v2\/users\/13"}],"replies":[{"embeddable":true,"href":"https:\/\/imm.medicina.ulisboa.pt\/pt-pt\/wp-json\/wp\/v2\/comments?post=42935"}],"version-history":[{"count":1,"href":"https:\/\/imm.medicina.ulisboa.pt\/pt-pt\/wp-json\/wp\/v2\/pages\/42935\/revisions"}],"predecessor-version":[{"id":42938,"href":"https:\/\/imm.medicina.ulisboa.pt\/pt-pt\/wp-json\/wp\/v2\/pages\/42935\/revisions\/42938"}],"wp:attachment":[{"href":"https:\/\/imm.medicina.ulisboa.pt\/pt-pt\/wp-json\/wp\/v2\/media?parent=42935"}],"curies":[{"name":"wp","href":"https:\/\/api.w.org\/{rel}","templated":true}]}}