{"id":408255,"date":"2023-01-09T17:04:57","date_gmt":"2023-01-09T17:04:57","guid":{"rendered":"https:\/\/imm.medicina.ulisboa.pt\/?page_id=408255"},"modified":"2023-03-16T15:15:35","modified_gmt":"2023-03-16T15:15:35","slug":"atividades-para-pos-docs","status":"publish","type":"page","link":"https:\/\/imm.medicina.ulisboa.pt\/pt-pt\/post-doctoral\/atividades-para-pos-docs\/","title":{"rendered":"Atividades para P\u00f3s-Docs"},"content":{"rendered":"<h4 style=\"text-align: left;\">Agenda 2023:<\/h4>\n<h5><strong><span style=\"text-decoration: underline;\">Informal Social Gathering (a.k.a Beer Hours):<\/span><\/strong><\/h5>\n<ul>\n<li style=\"text-align: left;\"><strong>26 Janeiro &#8211;<\/strong> Vanessa Morais Lab<\/li>\n<li style=\"text-align: left;\"><strong>23 Fevereiro &#8211;<\/strong> S\u00e9rgio de Almeida &amp; Edgar Gomes Labs<\/li>\n<li><strong>30 Mar\u00e7o &#8211;<\/strong> Gon\u00e7alo Bernardes Lab<\/li>\n<li><strong>27 Abril &#8211;<\/strong> Ana Sebasti\u00e3o Lab<\/li>\n<li><strong>25 Maio &#8211;<\/strong> Lu\u00eds Costa &amp; Leonor Sa\u00fade Labs<\/li>\n<li><strong>29 Junho &#8211;<\/strong> Biobanco, Patologia Comparada, Rodents, Citometria de Fluxo, Bioimagem, Zebrafish &amp; Safety and Compliance<\/li>\n<\/ul>\n<h5><strong><span style=\"text-decoration: underline;\">Sess\u00f5es Informais Tem\u00e1ticas:<\/span><\/strong><\/h5>\n<p><em>Ser\u00e1 anunciado brevemente. Estejam atentos!<\/em><\/p>\n<h5><strong><span style=\"text-decoration: underline;\">iMM Postdoc Day 2023:<\/span><\/strong><\/h5>\n<p style=\"text-align: left;\">19 Outubro no iMM<\/p>\n<h5><strong><span style=\"text-decoration: underline;\">iMM Postdoc Retreat 2023:<\/span><\/strong><\/h5>\n<p style=\"text-align: left;\">20 Outubro <em>(a localiza\u00e7\u00e3o ser\u00e1 anunciada brevemente)<\/em><\/p>\n<h5><strong><span style=\"text-decoration: underline;\">Workshops:<\/span><\/strong><\/h5>\n<p style=\"text-align: left;\">Para mais informa\u00e7\u00f5es vejam a se\u00e7\u00e3o \u201cForma\u00e7\u00e3o P\u00f3s-Doutoral\u201d <a href=\"https:\/\/imm.medicina.ulisboa.pt\/pt-pt\/post-doctoral\/formacao-pos-doutoral\/#formacao-pos-doutoral\">aqui<\/a>.<\/p>\n<p style=\"text-align: left;\"><em>Organizado em colabora\u00e7\u00e3o com o iMM Training Hub.<\/em><\/p>\n","protected":false},"excerpt":{"rendered":"<p>Agenda 2023: Informal Social Gathering (a.k.a Beer Hours): 26 Janeiro &#8211; Vanessa Morais Lab 23 Fevereiro &#8211; S\u00e9rgio de Almeida &amp; Edgar Gomes Labs 30 Mar\u00e7o &#8211; Gon\u00e7alo Bernardes Lab 27 Abril &#8211; Ana Sebasti\u00e3o Lab 25 Maio &#8211; Lu\u00eds Costa &amp; Leonor Sa\u00fade Labs 29 Junho &#8211; Biobanco, Patologia Comparada, Rodents, Citometria de Fluxo, [&hellip;]<\/p>\n","protected":false},"author":13,"featured_media":0,"parent":18414,"menu_order":3,"comment_status":"closed","ping_status":"closed","template":"","meta":[],"yoast_head":"<!-- This site is optimized with the Yoast SEO plugin v17.4 - https:\/\/yoast.com\/wordpress\/plugins\/seo\/ -->\n<title>Atividades para P\u00f3s-Docs - iMM<\/title>\n<meta name=\"robots\" content=\"index, follow, max-snippet:-1, max-image-preview:large, max-video-preview:-1\" \/>\n<link rel=\"canonical\" href=\"https:\/\/imm.medicina.ulisboa.pt\/pt-pt\/post-doctoral\/atividades-para-pos-docs\/\" \/>\n<meta property=\"og:locale\" content=\"pt_PT\" \/>\n<meta property=\"og:type\" content=\"article\" \/>\n<meta property=\"og:title\" content=\"Atividades para P\u00f3s-Docs - iMM\" \/>\n<meta property=\"og:description\" content=\"Agenda 2023: Informal Social Gathering (a.k.a Beer Hours): 26 Janeiro &#8211; Vanessa Morais Lab 23 Fevereiro &#8211; S\u00e9rgio de Almeida &amp; Edgar Gomes Labs 30 Mar\u00e7o &#8211; Gon\u00e7alo Bernardes Lab 27 Abril &#8211; Ana Sebasti\u00e3o Lab 25 Maio &#8211; Lu\u00eds Costa &amp; Leonor Sa\u00fade Labs 29 Junho &#8211; Biobanco, Patologia Comparada, Rodents, Citometria de Fluxo, [&hellip;]\" \/>\n<meta property=\"og:url\" content=\"https:\/\/imm.medicina.ulisboa.pt\/pt-pt\/post-doctoral\/atividades-para-pos-docs\/\" \/>\n<meta property=\"og:site_name\" content=\"iMM\" \/>\n<meta property=\"article:modified_time\" content=\"2023-03-16T15:15:35+00:00\" \/>\n<meta name=\"twitter:card\" content=\"summary_large_image\" \/>\n<meta name=\"twitter:label1\" content=\"Tempo estimado de leitura\" \/>\n\t<meta name=\"twitter:data1\" content=\"1 minuto\" \/>\n<script type=\"application\/ld+json\" class=\"yoast-schema-graph\">{\"@context\":\"https:\/\/schema.org\",\"@graph\":[{\"@type\":\"WebSite\",\"@id\":\"https:\/\/imm.medicina.ulisboa.pt\/#website\",\"url\":\"https:\/\/imm.medicina.ulisboa.pt\/\",\"name\":\"iMM\",\"description\":\"Bem-Vindo ao iMM Jo\\u00e3o Lobo Antunes\",\"potentialAction\":[{\"@type\":\"SearchAction\",\"target\":{\"@type\":\"EntryPoint\",\"urlTemplate\":\"https:\/\/imm.medicina.ulisboa.pt\/?s={search_term_string}\"},\"query-input\":\"required name=search_term_string\"}],\"inLanguage\":\"pt-PT\"},{\"@type\":\"WebPage\",\"@id\":\"https:\/\/imm.medicina.ulisboa.pt\/pt-pt\/post-doctoral\/atividades-para-pos-docs\/#webpage\",\"url\":\"https:\/\/imm.medicina.ulisboa.pt\/pt-pt\/post-doctoral\/atividades-para-pos-docs\/\",\"name\":\"Atividades para P\\u00f3s-Docs - iMM\",\"isPartOf\":{\"@id\":\"https:\/\/imm.medicina.ulisboa.pt\/#website\"},\"datePublished\":\"2023-01-09T17:04:57+00:00\",\"dateModified\":\"2023-03-16T15:15:35+00:00\",\"breadcrumb\":{\"@id\":\"https:\/\/imm.medicina.ulisboa.pt\/pt-pt\/post-doctoral\/atividades-para-pos-docs\/#breadcrumb\"},\"inLanguage\":\"pt-PT\",\"potentialAction\":[{\"@type\":\"ReadAction\",\"target\":[\"https:\/\/imm.medicina.ulisboa.pt\/pt-pt\/post-doctoral\/atividades-para-pos-docs\/\"]}]},{\"@type\":\"BreadcrumbList\",\"@id\":\"https:\/\/imm.medicina.ulisboa.pt\/pt-pt\/post-doctoral\/atividades-para-pos-docs\/#breadcrumb\",\"itemListElement\":[{\"@type\":\"ListItem\",\"position\":1,\"name\":\"In\\u00edcio\",\"item\":\"https:\/\/imm.medicina.ulisboa.pt\/pt-pt\/\"},{\"@type\":\"ListItem\",\"position\":2,\"name\":\"P\\u00f3s-Doutoramento\",\"item\":\"https:\/\/imm.medicina.ulisboa.pt\/pt-pt\/post-doctoral\/\"},{\"@type\":\"ListItem\",\"position\":3,\"name\":\"Atividades para P\\u00f3s-Docs\"}]}]}<\/script>\n<!-- \/ Yoast SEO plugin. -->","yoast_head_json":{"title":"Atividades para P\u00f3s-Docs - iMM","robots":{"index":"index","follow":"follow","max-snippet":"max-snippet:-1","max-image-preview":"max-image-preview:large","max-video-preview":"max-video-preview:-1"},"canonical":"https:\/\/imm.medicina.ulisboa.pt\/pt-pt\/post-doctoral\/atividades-para-pos-docs\/","og_locale":"pt_PT","og_type":"article","og_title":"Atividades para P\u00f3s-Docs - iMM","og_description":"Agenda 2023: Informal Social Gathering (a.k.a Beer Hours): 26 Janeiro &#8211; Vanessa Morais Lab 23 Fevereiro &#8211; S\u00e9rgio de Almeida &amp; Edgar Gomes Labs 30 Mar\u00e7o &#8211; Gon\u00e7alo Bernardes Lab 27 Abril &#8211; Ana Sebasti\u00e3o Lab 25 Maio &#8211; Lu\u00eds Costa &amp; Leonor Sa\u00fade Labs 29 Junho &#8211; Biobanco, Patologia Comparada, Rodents, Citometria de Fluxo, [&hellip;]","og_url":"https:\/\/imm.medicina.ulisboa.pt\/pt-pt\/post-doctoral\/atividades-para-pos-docs\/","og_site_name":"iMM","article_modified_time":"2023-03-16T15:15:35+00:00","twitter_card":"summary_large_image","twitter_misc":{"Tempo estimado de leitura":"1 minuto"},"schema":{"@context":"https:\/\/schema.org","@graph":[{"@type":"WebSite","@id":"https:\/\/imm.medicina.ulisboa.pt\/#website","url":"https:\/\/imm.medicina.ulisboa.pt\/","name":"iMM","description":"Bem-Vindo ao iMM Jo\u00e3o Lobo Antunes","potentialAction":[{"@type":"SearchAction","target":{"@type":"EntryPoint","urlTemplate":"https:\/\/imm.medicina.ulisboa.pt\/?s={search_term_string}"},"query-input":"required name=search_term_string"}],"inLanguage":"pt-PT"},{"@type":"WebPage","@id":"https:\/\/imm.medicina.ulisboa.pt\/pt-pt\/post-doctoral\/atividades-para-pos-docs\/#webpage","url":"https:\/\/imm.medicina.ulisboa.pt\/pt-pt\/post-doctoral\/atividades-para-pos-docs\/","name":"Atividades para P\u00f3s-Docs - iMM","isPartOf":{"@id":"https:\/\/imm.medicina.ulisboa.pt\/#website"},"datePublished":"2023-01-09T17:04:57+00:00","dateModified":"2023-03-16T15:15:35+00:00","breadcrumb":{"@id":"https:\/\/imm.medicina.ulisboa.pt\/pt-pt\/post-doctoral\/atividades-para-pos-docs\/#breadcrumb"},"inLanguage":"pt-PT","potentialAction":[{"@type":"ReadAction","target":["https:\/\/imm.medicina.ulisboa.pt\/pt-pt\/post-doctoral\/atividades-para-pos-docs\/"]}]},{"@type":"BreadcrumbList","@id":"https:\/\/imm.medicina.ulisboa.pt\/pt-pt\/post-doctoral\/atividades-para-pos-docs\/#breadcrumb","itemListElement":[{"@type":"ListItem","position":1,"name":"In\u00edcio","item":"https:\/\/imm.medicina.ulisboa.pt\/pt-pt\/"},{"@type":"ListItem","position":2,"name":"P\u00f3s-Doutoramento","item":"https:\/\/imm.medicina.ulisboa.pt\/pt-pt\/post-doctoral\/"},{"@type":"ListItem","position":3,"name":"Atividades para P\u00f3s-Docs"}]}]}},"_links":{"self":[{"href":"https:\/\/imm.medicina.ulisboa.pt\/pt-pt\/wp-json\/wp\/v2\/pages\/408255"}],"collection":[{"href":"https:\/\/imm.medicina.ulisboa.pt\/pt-pt\/wp-json\/wp\/v2\/pages"}],"about":[{"href":"https:\/\/imm.medicina.ulisboa.pt\/pt-pt\/wp-json\/wp\/v2\/types\/page"}],"author":[{"embeddable":true,"href":"https:\/\/imm.medicina.ulisboa.pt\/pt-pt\/wp-json\/wp\/v2\/users\/13"}],"replies":[{"embeddable":true,"href":"https:\/\/imm.medicina.ulisboa.pt\/pt-pt\/wp-json\/wp\/v2\/comments?post=408255"}],"version-history":[{"count":4,"href":"https:\/\/imm.medicina.ulisboa.pt\/pt-pt\/wp-json\/wp\/v2\/pages\/408255\/revisions"}],"predecessor-version":[{"id":409175,"href":"https:\/\/imm.medicina.ulisboa.pt\/pt-pt\/wp-json\/wp\/v2\/pages\/408255\/revisions\/409175"}],"up":[{"embeddable":true,"href":"https:\/\/imm.medicina.ulisboa.pt\/pt-pt\/wp-json\/wp\/v2\/pages\/18414"}],"wp:attachment":[{"href":"https:\/\/imm.medicina.ulisboa.pt\/pt-pt\/wp-json\/wp\/v2\/media?parent=408255"}],"curies":[{"name":"wp","href":"https:\/\/api.w.org\/{rel}","templated":true}]}}