{"id":408254,"date":"2023-01-09T17:04:55","date_gmt":"2023-01-09T17:04:55","guid":{"rendered":"https:\/\/imm.medicina.ulisboa.pt\/?page_id=408254"},"modified":"2023-03-16T15:19:52","modified_gmt":"2023-03-16T15:19:52","slug":"associacao-pos-doutoral","status":"publish","type":"page","link":"https:\/\/imm.medicina.ulisboa.pt\/pt-pt\/post-doctoral\/associacao-pos-doutoral\/","title":{"rendered":"Associa\u00e7\u00e3o P\u00f3s-Doutoral"},"content":{"rendered":"<p style=\"text-align: left;\">A Associa\u00e7\u00e3o P\u00f3s-Doutoral (Postdoctoral Association &#8211; PDA) \u00e9 um grupo de Post-Docs volunt\u00e1rios que est\u00e3o empenhados em apoiar a comunidade p\u00f3s-doutoral do iMM, que inclui todos os doutorados que n\u00e3o sejam Investigadores Principais e que realizem atividades de investiga\u00e7\u00e3o (excluindo os doutorados que trabalhem em infraestruturas de apoio).<\/p>\n<p style=\"text-align: left;\">Contribu\u00edmos ativamente para a organiza\u00e7\u00e3o de semin\u00e1rios, sess\u00f5es tem\u00e1ticas, workshops, eventos cient\u00edficos e sociais.<\/p>\n<p style=\"text-align: left;\">O formato e conte\u00fado do Programa de Forma\u00e7\u00e3o P\u00f3s-Doutoral do iMM s\u00e3o definidos em conjunto pela comunidade P\u00f3s-Doutoramento, pela PDA e pela equipa do Training Hub.<\/p>\n<p style=\"text-align: left;\">Assim sendo, a PDA tem como objetivo construir uma comunidade entre os P\u00f3s-Doutorados do iMM e a sua miss\u00e3o inclui:<\/p>\n<ol style=\"text-align: left;\">\n<li>Desenvolver atividades em torno da comunica\u00e7\u00e3o e do trabalho em rede;<\/li>\n<li>Organizar atividades de enriquecimento profissional e eventos de desenvolvimento de carreira;<\/li>\n<li>Contribuir e ajudar na integra\u00e7\u00e3o dos novos Post-Docs que chegam a Portugal (consultar o separador &#8220;Informa\u00e7\u00e3o de Boas-Vindas&#8221; <a href=\"https:\/\/imm.medicina.ulisboa.pt\/pt-pt\/post-doctoral\/informacao-de-boas-vindas\/#informacao-de-boas-vindas\">aqui<\/a>).<\/li>\n<\/ol>\n<p style=\"text-align: left;\">Se quiserem contactar a PDA, enviem email para: <a href=\"mailto:imm-pda@medicina.ulisboa.pt\">imm-pda@medicina.ulisboa.pt<\/a><\/p>\n<p style=\"text-align: left;\">Os estatutos da Associa\u00e7\u00e3o P\u00f3s-Doutoral do iMM podem ser consultados <a href=\"http:\/\/imm.medicina.ulisboa.pt\/wp-content\/uploads\/2020\/07\/IMM_PDA_bylaws.pdf\"><strong>aqui<\/strong><\/a>.<\/p>\n","protected":false},"excerpt":{"rendered":"<p>A Associa\u00e7\u00e3o P\u00f3s-Doutoral (Postdoctoral Association &#8211; PDA) \u00e9 um grupo de Post-Docs volunt\u00e1rios que est\u00e3o empenhados em apoiar a comunidade p\u00f3s-doutoral do iMM, que inclui todos os doutorados que n\u00e3o sejam Investigadores Principais e que realizem atividades de investiga\u00e7\u00e3o (excluindo os doutorados que trabalhem em infraestruturas de apoio). Contribu\u00edmos ativamente para a organiza\u00e7\u00e3o de semin\u00e1rios, [&hellip;]<\/p>\n","protected":false},"author":13,"featured_media":0,"parent":18414,"menu_order":2,"comment_status":"closed","ping_status":"closed","template":"","meta":[],"yoast_head":"<!-- This site is optimized with the Yoast SEO plugin v17.4 - https:\/\/yoast.com\/wordpress\/plugins\/seo\/ -->\n<title>Associa\u00e7\u00e3o P\u00f3s-Doutoral - iMM<\/title>\n<meta name=\"robots\" content=\"index, follow, max-snippet:-1, max-image-preview:large, max-video-preview:-1\" \/>\n<link rel=\"canonical\" href=\"https:\/\/imm.medicina.ulisboa.pt\/pt-pt\/post-doctoral\/associacao-pos-doutoral\/\" \/>\n<meta property=\"og:locale\" content=\"pt_PT\" \/>\n<meta property=\"og:type\" content=\"article\" \/>\n<meta property=\"og:title\" content=\"Associa\u00e7\u00e3o P\u00f3s-Doutoral - iMM\" \/>\n<meta property=\"og:description\" content=\"A Associa\u00e7\u00e3o P\u00f3s-Doutoral (Postdoctoral Association &#8211; PDA) \u00e9 um grupo de Post-Docs volunt\u00e1rios que est\u00e3o empenhados em apoiar a comunidade p\u00f3s-doutoral do iMM, que inclui todos os doutorados que n\u00e3o sejam Investigadores Principais e que realizem atividades de investiga\u00e7\u00e3o (excluindo os doutorados que trabalhem em infraestruturas de apoio). Contribu\u00edmos ativamente para a organiza\u00e7\u00e3o de semin\u00e1rios, [&hellip;]\" \/>\n<meta property=\"og:url\" content=\"https:\/\/imm.medicina.ulisboa.pt\/pt-pt\/post-doctoral\/associacao-pos-doutoral\/\" \/>\n<meta property=\"og:site_name\" content=\"iMM\" \/>\n<meta property=\"article:modified_time\" content=\"2023-03-16T15:19:52+00:00\" \/>\n<meta name=\"twitter:card\" content=\"summary_large_image\" \/>\n<meta name=\"twitter:label1\" content=\"Tempo estimado de leitura\" \/>\n\t<meta name=\"twitter:data1\" content=\"1 minuto\" \/>\n<script type=\"application\/ld+json\" class=\"yoast-schema-graph\">{\"@context\":\"https:\/\/schema.org\",\"@graph\":[{\"@type\":\"WebSite\",\"@id\":\"https:\/\/imm.medicina.ulisboa.pt\/#website\",\"url\":\"https:\/\/imm.medicina.ulisboa.pt\/\",\"name\":\"iMM\",\"description\":\"Bem-Vindo ao iMM Jo\\u00e3o Lobo Antunes\",\"potentialAction\":[{\"@type\":\"SearchAction\",\"target\":{\"@type\":\"EntryPoint\",\"urlTemplate\":\"https:\/\/imm.medicina.ulisboa.pt\/?s={search_term_string}\"},\"query-input\":\"required name=search_term_string\"}],\"inLanguage\":\"pt-PT\"},{\"@type\":\"WebPage\",\"@id\":\"https:\/\/imm.medicina.ulisboa.pt\/pt-pt\/post-doctoral\/associacao-pos-doutoral\/#webpage\",\"url\":\"https:\/\/imm.medicina.ulisboa.pt\/pt-pt\/post-doctoral\/associacao-pos-doutoral\/\",\"name\":\"Associa\\u00e7\\u00e3o P\\u00f3s-Doutoral - iMM\",\"isPartOf\":{\"@id\":\"https:\/\/imm.medicina.ulisboa.pt\/#website\"},\"datePublished\":\"2023-01-09T17:04:55+00:00\",\"dateModified\":\"2023-03-16T15:19:52+00:00\",\"breadcrumb\":{\"@id\":\"https:\/\/imm.medicina.ulisboa.pt\/pt-pt\/post-doctoral\/associacao-pos-doutoral\/#breadcrumb\"},\"inLanguage\":\"pt-PT\",\"potentialAction\":[{\"@type\":\"ReadAction\",\"target\":[\"https:\/\/imm.medicina.ulisboa.pt\/pt-pt\/post-doctoral\/associacao-pos-doutoral\/\"]}]},{\"@type\":\"BreadcrumbList\",\"@id\":\"https:\/\/imm.medicina.ulisboa.pt\/pt-pt\/post-doctoral\/associacao-pos-doutoral\/#breadcrumb\",\"itemListElement\":[{\"@type\":\"ListItem\",\"position\":1,\"name\":\"In\\u00edcio\",\"item\":\"https:\/\/imm.medicina.ulisboa.pt\/pt-pt\/\"},{\"@type\":\"ListItem\",\"position\":2,\"name\":\"P\\u00f3s-Doutoramento\",\"item\":\"https:\/\/imm.medicina.ulisboa.pt\/pt-pt\/post-doctoral\/\"},{\"@type\":\"ListItem\",\"position\":3,\"name\":\"Associa\\u00e7\\u00e3o P\\u00f3s-Doutoral\"}]}]}<\/script>\n<!-- \/ Yoast SEO plugin. -->","yoast_head_json":{"title":"Associa\u00e7\u00e3o P\u00f3s-Doutoral - iMM","robots":{"index":"index","follow":"follow","max-snippet":"max-snippet:-1","max-image-preview":"max-image-preview:large","max-video-preview":"max-video-preview:-1"},"canonical":"https:\/\/imm.medicina.ulisboa.pt\/pt-pt\/post-doctoral\/associacao-pos-doutoral\/","og_locale":"pt_PT","og_type":"article","og_title":"Associa\u00e7\u00e3o P\u00f3s-Doutoral - iMM","og_description":"A Associa\u00e7\u00e3o P\u00f3s-Doutoral (Postdoctoral Association &#8211; PDA) \u00e9 um grupo de Post-Docs volunt\u00e1rios que est\u00e3o empenhados em apoiar a comunidade p\u00f3s-doutoral do iMM, que inclui todos os doutorados que n\u00e3o sejam Investigadores Principais e que realizem atividades de investiga\u00e7\u00e3o (excluindo os doutorados que trabalhem em infraestruturas de apoio). Contribu\u00edmos ativamente para a organiza\u00e7\u00e3o de semin\u00e1rios, [&hellip;]","og_url":"https:\/\/imm.medicina.ulisboa.pt\/pt-pt\/post-doctoral\/associacao-pos-doutoral\/","og_site_name":"iMM","article_modified_time":"2023-03-16T15:19:52+00:00","twitter_card":"summary_large_image","twitter_misc":{"Tempo estimado de leitura":"1 minuto"},"schema":{"@context":"https:\/\/schema.org","@graph":[{"@type":"WebSite","@id":"https:\/\/imm.medicina.ulisboa.pt\/#website","url":"https:\/\/imm.medicina.ulisboa.pt\/","name":"iMM","description":"Bem-Vindo ao iMM Jo\u00e3o Lobo Antunes","potentialAction":[{"@type":"SearchAction","target":{"@type":"EntryPoint","urlTemplate":"https:\/\/imm.medicina.ulisboa.pt\/?s={search_term_string}"},"query-input":"required name=search_term_string"}],"inLanguage":"pt-PT"},{"@type":"WebPage","@id":"https:\/\/imm.medicina.ulisboa.pt\/pt-pt\/post-doctoral\/associacao-pos-doutoral\/#webpage","url":"https:\/\/imm.medicina.ulisboa.pt\/pt-pt\/post-doctoral\/associacao-pos-doutoral\/","name":"Associa\u00e7\u00e3o P\u00f3s-Doutoral - iMM","isPartOf":{"@id":"https:\/\/imm.medicina.ulisboa.pt\/#website"},"datePublished":"2023-01-09T17:04:55+00:00","dateModified":"2023-03-16T15:19:52+00:00","breadcrumb":{"@id":"https:\/\/imm.medicina.ulisboa.pt\/pt-pt\/post-doctoral\/associacao-pos-doutoral\/#breadcrumb"},"inLanguage":"pt-PT","potentialAction":[{"@type":"ReadAction","target":["https:\/\/imm.medicina.ulisboa.pt\/pt-pt\/post-doctoral\/associacao-pos-doutoral\/"]}]},{"@type":"BreadcrumbList","@id":"https:\/\/imm.medicina.ulisboa.pt\/pt-pt\/post-doctoral\/associacao-pos-doutoral\/#breadcrumb","itemListElement":[{"@type":"ListItem","position":1,"name":"In\u00edcio","item":"https:\/\/imm.medicina.ulisboa.pt\/pt-pt\/"},{"@type":"ListItem","position":2,"name":"P\u00f3s-Doutoramento","item":"https:\/\/imm.medicina.ulisboa.pt\/pt-pt\/post-doctoral\/"},{"@type":"ListItem","position":3,"name":"Associa\u00e7\u00e3o P\u00f3s-Doutoral"}]}]}},"_links":{"self":[{"href":"https:\/\/imm.medicina.ulisboa.pt\/pt-pt\/wp-json\/wp\/v2\/pages\/408254"}],"collection":[{"href":"https:\/\/imm.medicina.ulisboa.pt\/pt-pt\/wp-json\/wp\/v2\/pages"}],"about":[{"href":"https:\/\/imm.medicina.ulisboa.pt\/pt-pt\/wp-json\/wp\/v2\/types\/page"}],"author":[{"embeddable":true,"href":"https:\/\/imm.medicina.ulisboa.pt\/pt-pt\/wp-json\/wp\/v2\/users\/13"}],"replies":[{"embeddable":true,"href":"https:\/\/imm.medicina.ulisboa.pt\/pt-pt\/wp-json\/wp\/v2\/comments?post=408254"}],"version-history":[{"count":3,"href":"https:\/\/imm.medicina.ulisboa.pt\/pt-pt\/wp-json\/wp\/v2\/pages\/408254\/revisions"}],"predecessor-version":[{"id":409176,"href":"https:\/\/imm.medicina.ulisboa.pt\/pt-pt\/wp-json\/wp\/v2\/pages\/408254\/revisions\/409176"}],"up":[{"embeddable":true,"href":"https:\/\/imm.medicina.ulisboa.pt\/pt-pt\/wp-json\/wp\/v2\/pages\/18414"}],"wp:attachment":[{"href":"https:\/\/imm.medicina.ulisboa.pt\/pt-pt\/wp-json\/wp\/v2\/media?parent=408254"}],"curies":[{"name":"wp","href":"https:\/\/api.w.org\/{rel}","templated":true}]}}