{"id":408253,"date":"2023-01-09T17:04:51","date_gmt":"2023-01-09T17:04:51","guid":{"rendered":"https:\/\/imm.medicina.ulisboa.pt\/?page_id=408253"},"modified":"2023-03-16T15:24:45","modified_gmt":"2023-03-16T15:24:45","slug":"formacao-pos-doutoral","status":"publish","type":"page","link":"https:\/\/imm.medicina.ulisboa.pt\/pt-pt\/post-doctoral\/formacao-pos-doutoral\/","title":{"rendered":"Forma\u00e7\u00e3o P\u00f3s-Doutoral"},"content":{"rendered":"<p style=\"text-align: left;\">O nosso objectivo \u00e9 atrair uma comunidade P\u00f3s-Doutorada altamente motivada e dedicada, e estamos empenhados em apoiar a sua forma\u00e7\u00e3o e progress\u00e3o para carreiras cient\u00edficas de sucesso.<\/p>\n<p style=\"text-align: left;\">Aproximadamente 170 cientistas comp\u00f5em atualmente a comunidade P\u00f3s-Doutorada do iMM. Os investigadores P\u00f3s-Doutorados incluem todos os doutorados que n\u00e3o sejam Investigadores Principais e que estejam a realizar atividades de investiga\u00e7\u00e3o (excluindo os doutorados que trabalhem em infraestruturas de apoio). Os investigadores P\u00f3s-Doutorados podem participar em atividades do iMM e beneficiar de um Programa de Forma\u00e7\u00e3o estruturado em torno de a\u00e7\u00f5es espec\u00edficas definidas pelos pr\u00f3prios, pela Associa\u00e7\u00e3o P\u00f3s-Doutoral (Postdoctoral Association &#8211; PDA) e pela equipa de Training Hub.<\/p>\n<p style=\"text-align: left;\">Para desenvolver a comunidade P\u00f3s-Doutoral do iMM, o Programa de Forma\u00e7\u00e3o centra-se nos seguintes objetivos:<\/p>\n<ol style=\"text-align: left;\">\n<li><strong>Promover a discuss\u00e3o cient\u00edfica e a partilha de experi\u00eancias, <\/strong>atrav\u00e9s da organiza\u00e7\u00e3o de reuni\u00f5es e retiros;<\/li>\n<li><strong>Desenvolver um conjunto de compet\u00eancias cient\u00edficas e complementares<\/strong> atrav\u00e9s de cursos e workshops ministrados por especialistas em t\u00f3picos como escrita de projetos e de comunica\u00e7\u00e3o em ci\u00eancia;<\/li>\n<li><strong>Informar e discutir<\/strong>, em semin\u00e1rios dedicados ao percurso profissional,oportunidades profissionais, quer na Academia quer noutros \u00e2mbitos, nomeadamente nos sectores Farmac\u00eautico, Ensaios Cl\u00ednicos ou Editorial;<\/li>\n<li><strong>Facilitar e encorajar o &#8220;mentorship&#8221;<\/strong>, possibilitando a orienta\u00e7\u00e3o por um segundo Mentor opcional com quem possa discutir os seus interesses cient\u00edficos e op\u00e7\u00f5es profissionais;<\/li>\n<li><strong>Promover as intera\u00e7\u00f5es sociais atrav\u00e9s de eventos informais regulares <\/strong>para criar um sentido de comunidade.<\/li>\n<\/ol>\n<p style=\"text-align: left;\">Globalmente, o Programa aspira a desenvolver uma &#8220;branding signature&#8221; da Forma\u00e7\u00e3o Avan\u00e7ada P\u00f3s-Doutoral do iMM que contribuir\u00e1 para aumentar a competitividade internacional dos seus P\u00f3s-Doutorados nas suas futuras carreiras profissionais.<\/p>\n","protected":false},"excerpt":{"rendered":"<p>O nosso objectivo \u00e9 atrair uma comunidade P\u00f3s-Doutorada altamente motivada e dedicada, e estamos empenhados em apoiar a sua forma\u00e7\u00e3o e progress\u00e3o para carreiras cient\u00edficas de sucesso. Aproximadamente 170 cientistas comp\u00f5em atualmente a comunidade P\u00f3s-Doutorada do iMM. Os investigadores P\u00f3s-Doutorados incluem todos os doutorados que n\u00e3o sejam Investigadores Principais e que estejam a realizar atividades [&hellip;]<\/p>\n","protected":false},"author":13,"featured_media":0,"parent":18414,"menu_order":1,"comment_status":"closed","ping_status":"closed","template":"","meta":[],"yoast_head":"<!-- This site is optimized with the Yoast SEO plugin v17.4 - https:\/\/yoast.com\/wordpress\/plugins\/seo\/ -->\n<title>Forma\u00e7\u00e3o P\u00f3s-Doutoral - iMM<\/title>\n<meta name=\"robots\" content=\"index, follow, max-snippet:-1, max-image-preview:large, max-video-preview:-1\" \/>\n<link rel=\"canonical\" href=\"https:\/\/imm.medicina.ulisboa.pt\/pt-pt\/post-doctoral\/formacao-pos-doutoral\/\" \/>\n<meta property=\"og:locale\" content=\"pt_PT\" \/>\n<meta property=\"og:type\" content=\"article\" \/>\n<meta property=\"og:title\" content=\"Forma\u00e7\u00e3o P\u00f3s-Doutoral - iMM\" \/>\n<meta property=\"og:description\" content=\"O nosso objectivo \u00e9 atrair uma comunidade P\u00f3s-Doutorada altamente motivada e dedicada, e estamos empenhados em apoiar a sua forma\u00e7\u00e3o e progress\u00e3o para carreiras cient\u00edficas de sucesso. Aproximadamente 170 cientistas comp\u00f5em atualmente a comunidade P\u00f3s-Doutorada do iMM. Os investigadores P\u00f3s-Doutorados incluem todos os doutorados que n\u00e3o sejam Investigadores Principais e que estejam a realizar atividades [&hellip;]\" \/>\n<meta property=\"og:url\" content=\"https:\/\/imm.medicina.ulisboa.pt\/pt-pt\/post-doctoral\/formacao-pos-doutoral\/\" \/>\n<meta property=\"og:site_name\" content=\"iMM\" \/>\n<meta property=\"article:modified_time\" content=\"2023-03-16T15:24:45+00:00\" \/>\n<meta name=\"twitter:card\" content=\"summary_large_image\" \/>\n<meta name=\"twitter:label1\" content=\"Tempo estimado de leitura\" \/>\n\t<meta name=\"twitter:data1\" content=\"1 minuto\" \/>\n<script type=\"application\/ld+json\" class=\"yoast-schema-graph\">{\"@context\":\"https:\/\/schema.org\",\"@graph\":[{\"@type\":\"WebSite\",\"@id\":\"https:\/\/imm.medicina.ulisboa.pt\/#website\",\"url\":\"https:\/\/imm.medicina.ulisboa.pt\/\",\"name\":\"iMM\",\"description\":\"Bem-Vindo ao iMM Jo\\u00e3o Lobo Antunes\",\"potentialAction\":[{\"@type\":\"SearchAction\",\"target\":{\"@type\":\"EntryPoint\",\"urlTemplate\":\"https:\/\/imm.medicina.ulisboa.pt\/?s={search_term_string}\"},\"query-input\":\"required name=search_term_string\"}],\"inLanguage\":\"pt-PT\"},{\"@type\":\"WebPage\",\"@id\":\"https:\/\/imm.medicina.ulisboa.pt\/pt-pt\/post-doctoral\/formacao-pos-doutoral\/#webpage\",\"url\":\"https:\/\/imm.medicina.ulisboa.pt\/pt-pt\/post-doctoral\/formacao-pos-doutoral\/\",\"name\":\"Forma\\u00e7\\u00e3o P\\u00f3s-Doutoral - iMM\",\"isPartOf\":{\"@id\":\"https:\/\/imm.medicina.ulisboa.pt\/#website\"},\"datePublished\":\"2023-01-09T17:04:51+00:00\",\"dateModified\":\"2023-03-16T15:24:45+00:00\",\"breadcrumb\":{\"@id\":\"https:\/\/imm.medicina.ulisboa.pt\/pt-pt\/post-doctoral\/formacao-pos-doutoral\/#breadcrumb\"},\"inLanguage\":\"pt-PT\",\"potentialAction\":[{\"@type\":\"ReadAction\",\"target\":[\"https:\/\/imm.medicina.ulisboa.pt\/pt-pt\/post-doctoral\/formacao-pos-doutoral\/\"]}]},{\"@type\":\"BreadcrumbList\",\"@id\":\"https:\/\/imm.medicina.ulisboa.pt\/pt-pt\/post-doctoral\/formacao-pos-doutoral\/#breadcrumb\",\"itemListElement\":[{\"@type\":\"ListItem\",\"position\":1,\"name\":\"In\\u00edcio\",\"item\":\"https:\/\/imm.medicina.ulisboa.pt\/pt-pt\/\"},{\"@type\":\"ListItem\",\"position\":2,\"name\":\"P\\u00f3s-Doutoramento\",\"item\":\"https:\/\/imm.medicina.ulisboa.pt\/pt-pt\/post-doctoral\/\"},{\"@type\":\"ListItem\",\"position\":3,\"name\":\"Forma\\u00e7\\u00e3o P\\u00f3s-Doutoral\"}]}]}<\/script>\n<!-- \/ Yoast SEO plugin. -->","yoast_head_json":{"title":"Forma\u00e7\u00e3o P\u00f3s-Doutoral - iMM","robots":{"index":"index","follow":"follow","max-snippet":"max-snippet:-1","max-image-preview":"max-image-preview:large","max-video-preview":"max-video-preview:-1"},"canonical":"https:\/\/imm.medicina.ulisboa.pt\/pt-pt\/post-doctoral\/formacao-pos-doutoral\/","og_locale":"pt_PT","og_type":"article","og_title":"Forma\u00e7\u00e3o P\u00f3s-Doutoral - iMM","og_description":"O nosso objectivo \u00e9 atrair uma comunidade P\u00f3s-Doutorada altamente motivada e dedicada, e estamos empenhados em apoiar a sua forma\u00e7\u00e3o e progress\u00e3o para carreiras cient\u00edficas de sucesso. Aproximadamente 170 cientistas comp\u00f5em atualmente a comunidade P\u00f3s-Doutorada do iMM. Os investigadores P\u00f3s-Doutorados incluem todos os doutorados que n\u00e3o sejam Investigadores Principais e que estejam a realizar atividades [&hellip;]","og_url":"https:\/\/imm.medicina.ulisboa.pt\/pt-pt\/post-doctoral\/formacao-pos-doutoral\/","og_site_name":"iMM","article_modified_time":"2023-03-16T15:24:45+00:00","twitter_card":"summary_large_image","twitter_misc":{"Tempo estimado de leitura":"1 minuto"},"schema":{"@context":"https:\/\/schema.org","@graph":[{"@type":"WebSite","@id":"https:\/\/imm.medicina.ulisboa.pt\/#website","url":"https:\/\/imm.medicina.ulisboa.pt\/","name":"iMM","description":"Bem-Vindo ao iMM Jo\u00e3o Lobo Antunes","potentialAction":[{"@type":"SearchAction","target":{"@type":"EntryPoint","urlTemplate":"https:\/\/imm.medicina.ulisboa.pt\/?s={search_term_string}"},"query-input":"required name=search_term_string"}],"inLanguage":"pt-PT"},{"@type":"WebPage","@id":"https:\/\/imm.medicina.ulisboa.pt\/pt-pt\/post-doctoral\/formacao-pos-doutoral\/#webpage","url":"https:\/\/imm.medicina.ulisboa.pt\/pt-pt\/post-doctoral\/formacao-pos-doutoral\/","name":"Forma\u00e7\u00e3o P\u00f3s-Doutoral - iMM","isPartOf":{"@id":"https:\/\/imm.medicina.ulisboa.pt\/#website"},"datePublished":"2023-01-09T17:04:51+00:00","dateModified":"2023-03-16T15:24:45+00:00","breadcrumb":{"@id":"https:\/\/imm.medicina.ulisboa.pt\/pt-pt\/post-doctoral\/formacao-pos-doutoral\/#breadcrumb"},"inLanguage":"pt-PT","potentialAction":[{"@type":"ReadAction","target":["https:\/\/imm.medicina.ulisboa.pt\/pt-pt\/post-doctoral\/formacao-pos-doutoral\/"]}]},{"@type":"BreadcrumbList","@id":"https:\/\/imm.medicina.ulisboa.pt\/pt-pt\/post-doctoral\/formacao-pos-doutoral\/#breadcrumb","itemListElement":[{"@type":"ListItem","position":1,"name":"In\u00edcio","item":"https:\/\/imm.medicina.ulisboa.pt\/pt-pt\/"},{"@type":"ListItem","position":2,"name":"P\u00f3s-Doutoramento","item":"https:\/\/imm.medicina.ulisboa.pt\/pt-pt\/post-doctoral\/"},{"@type":"ListItem","position":3,"name":"Forma\u00e7\u00e3o P\u00f3s-Doutoral"}]}]}},"_links":{"self":[{"href":"https:\/\/imm.medicina.ulisboa.pt\/pt-pt\/wp-json\/wp\/v2\/pages\/408253"}],"collection":[{"href":"https:\/\/imm.medicina.ulisboa.pt\/pt-pt\/wp-json\/wp\/v2\/pages"}],"about":[{"href":"https:\/\/imm.medicina.ulisboa.pt\/pt-pt\/wp-json\/wp\/v2\/types\/page"}],"author":[{"embeddable":true,"href":"https:\/\/imm.medicina.ulisboa.pt\/pt-pt\/wp-json\/wp\/v2\/users\/13"}],"replies":[{"embeddable":true,"href":"https:\/\/imm.medicina.ulisboa.pt\/pt-pt\/wp-json\/wp\/v2\/comments?post=408253"}],"version-history":[{"count":2,"href":"https:\/\/imm.medicina.ulisboa.pt\/pt-pt\/wp-json\/wp\/v2\/pages\/408253\/revisions"}],"predecessor-version":[{"id":408269,"href":"https:\/\/imm.medicina.ulisboa.pt\/pt-pt\/wp-json\/wp\/v2\/pages\/408253\/revisions\/408269"}],"up":[{"embeddable":true,"href":"https:\/\/imm.medicina.ulisboa.pt\/pt-pt\/wp-json\/wp\/v2\/pages\/18414"}],"wp:attachment":[{"href":"https:\/\/imm.medicina.ulisboa.pt\/pt-pt\/wp-json\/wp\/v2\/media?parent=408253"}],"curies":[{"name":"wp","href":"https:\/\/api.w.org\/{rel}","templated":true}]}}