{"id":40304,"date":"2020-03-27T15:16:47","date_gmt":"2020-03-27T15:16:47","guid":{"rendered":"http:\/\/imm.medicina.ulisboa.pt\/?page_id=40304"},"modified":"2021-09-22T07:06:40","modified_gmt":"2021-09-22T06:06:40","slug":"novo-coronavirus-sars-cov-2-perguntas-frequentes","status":"publish","type":"page","link":"https:\/\/imm.medicina.ulisboa.pt\/pt-pt\/novo-coronavirus-sars-cov-2-perguntas-frequentes\/","title":{"rendered":"Coronav\u00edrus SARS-CoV-2"},"content":{"rendered":"\n<p>Aqui pode encontrar informa\u00e7\u00e3o sobre o v\u00edrus SARS-CoV-2 que provoca a doen\u00e7a COVID-19.<\/p>\n\n\n\n<hr class=\"wp-block-separator\"\/>\n\n\n\n<figure class=\"wp-block-image\"><img loading=\"lazy\" width=\"1024\" height=\"724\" src=\"https:\/\/imm.medicina.ulisboa.pt\/wp-content\/uploads\/2020\/03\/how-the-virus-infects-1-1024x724.png\" alt=\"\" class=\"wp-image-40307\" srcset=\"https:\/\/imm.medicina.ulisboa.pt\/wp-content\/uploads\/2020\/03\/how-the-virus-infects-1-1024x724.png 1024w, https:\/\/imm.medicina.ulisboa.pt\/wp-content\/uploads\/2020\/03\/how-the-virus-infects-1-300x212.png 300w, https:\/\/imm.medicina.ulisboa.pt\/wp-content\/uploads\/2020\/03\/how-the-virus-infects-1-768x543.png 768w\" sizes=\"(max-width: 1024px) 100vw, 1024px\" \/><\/figure>\n\n\n\n<hr class=\"wp-block-separator\"\/>\n\n\n\n<p><strong>Coordena\u00e7\u00e3o Cient\u00edfica:<\/strong> <a href=\"https:\/\/imm.medicina.ulisboa.pt\/pt-pt\/investigation\/laboratories\/claudio-franco-lab-2\/#intro\">Cl\u00e1udio Franco<\/a> <br><strong>Esquemas Cient\u00edficos:<\/strong> Birte Blankenhaus e Patr\u00edcia Campos (<a href=\"https:\/\/imm.medicina.ulisboa.pt\/pt-pt\/investigation\/laboratories\/marc-veldhoen-lab-2\/#intro\">Marc Veldhoen Lab<\/a>)<br><strong>Ilustra\u00e7\u00f5es:<\/strong> Helena Pinheiro (<a href=\"https:\/\/imm.medicina.ulisboa.pt\/pt-pt\/investigation\/laboratories\/edgar-gomes-lab-2\/#intro\">Edgar Gomes Lab<\/a>)<\/p>\n\n\n\n<hr class=\"wp-block-separator\"\/>\n\n\n\n<p><strong>Contacto:<\/strong> imm-covid19@medicina.ulisboa.pt<\/p>\n","protected":false},"excerpt":{"rendered":"<p>Aqui pode encontrar informa\u00e7\u00e3o sobre o v\u00edrus SARS-CoV-2 que provoca a doen\u00e7a COVID-19. Coordena\u00e7\u00e3o Cient\u00edfica: Cl\u00e1udio Franco Esquemas Cient\u00edficos: Birte Blankenhaus e Patr\u00edcia Campos (Marc Veldhoen Lab)Ilustra\u00e7\u00f5es: Helena Pinheiro (Edgar Gomes Lab) Contacto: imm-covid19@medicina.ulisboa.pt<\/p>\n","protected":false},"author":13,"featured_media":40305,"parent":0,"menu_order":0,"comment_status":"closed","ping_status":"closed","template":"","meta":[],"yoast_head":"<!-- This site is optimized with the Yoast SEO plugin v17.4 - https:\/\/yoast.com\/wordpress\/plugins\/seo\/ -->\n<title>Coronav\u00edrus SARS-CoV-2 - iMM<\/title>\n<meta name=\"robots\" content=\"index, follow, max-snippet:-1, max-image-preview:large, max-video-preview:-1\" \/>\n<link rel=\"canonical\" href=\"https:\/\/imm.medicina.ulisboa.pt\/pt-pt\/novo-coronavirus-sars-cov-2-perguntas-frequentes\/\" \/>\n<meta property=\"og:locale\" content=\"pt_PT\" \/>\n<meta property=\"og:type\" content=\"article\" \/>\n<meta property=\"og:title\" content=\"Coronav\u00edrus SARS-CoV-2 - iMM\" \/>\n<meta property=\"og:description\" content=\"Aqui pode encontrar informa\u00e7\u00e3o sobre o v\u00edrus SARS-CoV-2 que provoca a doen\u00e7a COVID-19. Coordena\u00e7\u00e3o Cient\u00edfica: Cl\u00e1udio Franco Esquemas Cient\u00edficos: Birte Blankenhaus e Patr\u00edcia Campos (Marc Veldhoen Lab)Ilustra\u00e7\u00f5es: Helena Pinheiro (Edgar Gomes Lab) Contacto: imm-covid19@medicina.ulisboa.pt\" \/>\n<meta property=\"og:url\" content=\"https:\/\/imm.medicina.ulisboa.pt\/pt-pt\/novo-coronavirus-sars-cov-2-perguntas-frequentes\/\" \/>\n<meta property=\"og:site_name\" content=\"iMM\" \/>\n<meta property=\"article:modified_time\" content=\"2021-09-22T06:06:40+00:00\" \/>\n<meta property=\"og:image\" content=\"https:\/\/imm.medicina.ulisboa.pt\/wp-content\/uploads\/2020\/03\/banner_propostas-02-1024x205.png\" \/>\n\t<meta property=\"og:image:width\" content=\"1024\" \/>\n\t<meta property=\"og:image:height\" content=\"205\" \/>\n<meta name=\"twitter:card\" content=\"summary_large_image\" \/>\n<script type=\"application\/ld+json\" class=\"yoast-schema-graph\">{\"@context\":\"https:\/\/schema.org\",\"@graph\":[{\"@type\":\"WebSite\",\"@id\":\"https:\/\/imm.medicina.ulisboa.pt\/#website\",\"url\":\"https:\/\/imm.medicina.ulisboa.pt\/\",\"name\":\"iMM\",\"description\":\"Bem-Vindo ao iMM Jo\\u00e3o Lobo Antunes\",\"potentialAction\":[{\"@type\":\"SearchAction\",\"target\":{\"@type\":\"EntryPoint\",\"urlTemplate\":\"https:\/\/imm.medicina.ulisboa.pt\/?s={search_term_string}\"},\"query-input\":\"required name=search_term_string\"}],\"inLanguage\":\"pt-PT\"},{\"@type\":\"ImageObject\",\"@id\":\"https:\/\/imm.medicina.ulisboa.pt\/pt-pt\/novo-coronavirus-sars-cov-2-perguntas-frequentes\/#primaryimage\",\"inLanguage\":\"pt-PT\",\"url\":\"https:\/\/imm.medicina.ulisboa.pt\/wp-content\/uploads\/2020\/03\/banner_propostas-02.png\",\"contentUrl\":\"https:\/\/imm.medicina.ulisboa.pt\/wp-content\/uploads\/2020\/03\/banner_propostas-02.png\",\"width\":4001,\"height\":801},{\"@type\":\"WebPage\",\"@id\":\"https:\/\/imm.medicina.ulisboa.pt\/pt-pt\/novo-coronavirus-sars-cov-2-perguntas-frequentes\/#webpage\",\"url\":\"https:\/\/imm.medicina.ulisboa.pt\/pt-pt\/novo-coronavirus-sars-cov-2-perguntas-frequentes\/\",\"name\":\"Coronav\\u00edrus SARS-CoV-2 - iMM\",\"isPartOf\":{\"@id\":\"https:\/\/imm.medicina.ulisboa.pt\/#website\"},\"primaryImageOfPage\":{\"@id\":\"https:\/\/imm.medicina.ulisboa.pt\/pt-pt\/novo-coronavirus-sars-cov-2-perguntas-frequentes\/#primaryimage\"},\"datePublished\":\"2020-03-27T15:16:47+00:00\",\"dateModified\":\"2021-09-22T06:06:40+00:00\",\"breadcrumb\":{\"@id\":\"https:\/\/imm.medicina.ulisboa.pt\/pt-pt\/novo-coronavirus-sars-cov-2-perguntas-frequentes\/#breadcrumb\"},\"inLanguage\":\"pt-PT\",\"potentialAction\":[{\"@type\":\"ReadAction\",\"target\":[\"https:\/\/imm.medicina.ulisboa.pt\/pt-pt\/novo-coronavirus-sars-cov-2-perguntas-frequentes\/\"]}]},{\"@type\":\"BreadcrumbList\",\"@id\":\"https:\/\/imm.medicina.ulisboa.pt\/pt-pt\/novo-coronavirus-sars-cov-2-perguntas-frequentes\/#breadcrumb\",\"itemListElement\":[{\"@type\":\"ListItem\",\"position\":1,\"name\":\"In\\u00edcio\",\"item\":\"https:\/\/imm.medicina.ulisboa.pt\/pt-pt\/\"},{\"@type\":\"ListItem\",\"position\":2,\"name\":\"Coronav\\u00edrus SARS-CoV-2\"}]}]}<\/script>\n<!-- \/ Yoast SEO plugin. -->","yoast_head_json":{"title":"Coronav\u00edrus SARS-CoV-2 - iMM","robots":{"index":"index","follow":"follow","max-snippet":"max-snippet:-1","max-image-preview":"max-image-preview:large","max-video-preview":"max-video-preview:-1"},"canonical":"https:\/\/imm.medicina.ulisboa.pt\/pt-pt\/novo-coronavirus-sars-cov-2-perguntas-frequentes\/","og_locale":"pt_PT","og_type":"article","og_title":"Coronav\u00edrus SARS-CoV-2 - iMM","og_description":"Aqui pode encontrar informa\u00e7\u00e3o sobre o v\u00edrus SARS-CoV-2 que provoca a doen\u00e7a COVID-19. Coordena\u00e7\u00e3o Cient\u00edfica: Cl\u00e1udio Franco Esquemas Cient\u00edficos: Birte Blankenhaus e Patr\u00edcia Campos (Marc Veldhoen Lab)Ilustra\u00e7\u00f5es: Helena Pinheiro (Edgar Gomes Lab) Contacto: imm-covid19@medicina.ulisboa.pt","og_url":"https:\/\/imm.medicina.ulisboa.pt\/pt-pt\/novo-coronavirus-sars-cov-2-perguntas-frequentes\/","og_site_name":"iMM","article_modified_time":"2021-09-22T06:06:40+00:00","og_image":[{"width":1024,"height":205,"url":"https:\/\/imm.medicina.ulisboa.pt\/wp-content\/uploads\/2020\/03\/banner_propostas-02-1024x205.png","type":"image\/png"}],"twitter_card":"summary_large_image","schema":{"@context":"https:\/\/schema.org","@graph":[{"@type":"WebSite","@id":"https:\/\/imm.medicina.ulisboa.pt\/#website","url":"https:\/\/imm.medicina.ulisboa.pt\/","name":"iMM","description":"Bem-Vindo ao iMM Jo\u00e3o Lobo Antunes","potentialAction":[{"@type":"SearchAction","target":{"@type":"EntryPoint","urlTemplate":"https:\/\/imm.medicina.ulisboa.pt\/?s={search_term_string}"},"query-input":"required name=search_term_string"}],"inLanguage":"pt-PT"},{"@type":"ImageObject","@id":"https:\/\/imm.medicina.ulisboa.pt\/pt-pt\/novo-coronavirus-sars-cov-2-perguntas-frequentes\/#primaryimage","inLanguage":"pt-PT","url":"https:\/\/imm.medicina.ulisboa.pt\/wp-content\/uploads\/2020\/03\/banner_propostas-02.png","contentUrl":"https:\/\/imm.medicina.ulisboa.pt\/wp-content\/uploads\/2020\/03\/banner_propostas-02.png","width":4001,"height":801},{"@type":"WebPage","@id":"https:\/\/imm.medicina.ulisboa.pt\/pt-pt\/novo-coronavirus-sars-cov-2-perguntas-frequentes\/#webpage","url":"https:\/\/imm.medicina.ulisboa.pt\/pt-pt\/novo-coronavirus-sars-cov-2-perguntas-frequentes\/","name":"Coronav\u00edrus SARS-CoV-2 - iMM","isPartOf":{"@id":"https:\/\/imm.medicina.ulisboa.pt\/#website"},"primaryImageOfPage":{"@id":"https:\/\/imm.medicina.ulisboa.pt\/pt-pt\/novo-coronavirus-sars-cov-2-perguntas-frequentes\/#primaryimage"},"datePublished":"2020-03-27T15:16:47+00:00","dateModified":"2021-09-22T06:06:40+00:00","breadcrumb":{"@id":"https:\/\/imm.medicina.ulisboa.pt\/pt-pt\/novo-coronavirus-sars-cov-2-perguntas-frequentes\/#breadcrumb"},"inLanguage":"pt-PT","potentialAction":[{"@type":"ReadAction","target":["https:\/\/imm.medicina.ulisboa.pt\/pt-pt\/novo-coronavirus-sars-cov-2-perguntas-frequentes\/"]}]},{"@type":"BreadcrumbList","@id":"https:\/\/imm.medicina.ulisboa.pt\/pt-pt\/novo-coronavirus-sars-cov-2-perguntas-frequentes\/#breadcrumb","itemListElement":[{"@type":"ListItem","position":1,"name":"In\u00edcio","item":"https:\/\/imm.medicina.ulisboa.pt\/pt-pt\/"},{"@type":"ListItem","position":2,"name":"Coronav\u00edrus SARS-CoV-2"}]}]}},"_links":{"self":[{"href":"https:\/\/imm.medicina.ulisboa.pt\/pt-pt\/wp-json\/wp\/v2\/pages\/40304"}],"collection":[{"href":"https:\/\/imm.medicina.ulisboa.pt\/pt-pt\/wp-json\/wp\/v2\/pages"}],"about":[{"href":"https:\/\/imm.medicina.ulisboa.pt\/pt-pt\/wp-json\/wp\/v2\/types\/page"}],"author":[{"embeddable":true,"href":"https:\/\/imm.medicina.ulisboa.pt\/pt-pt\/wp-json\/wp\/v2\/users\/13"}],"replies":[{"embeddable":true,"href":"https:\/\/imm.medicina.ulisboa.pt\/pt-pt\/wp-json\/wp\/v2\/comments?post=40304"}],"version-history":[{"count":9,"href":"https:\/\/imm.medicina.ulisboa.pt\/pt-pt\/wp-json\/wp\/v2\/pages\/40304\/revisions"}],"predecessor-version":[{"id":41638,"href":"https:\/\/imm.medicina.ulisboa.pt\/pt-pt\/wp-json\/wp\/v2\/pages\/40304\/revisions\/41638"}],"wp:featuredmedia":[{"embeddable":true,"href":"https:\/\/imm.medicina.ulisboa.pt\/pt-pt\/wp-json\/wp\/v2\/media\/40305"}],"wp:attachment":[{"href":"https:\/\/imm.medicina.ulisboa.pt\/pt-pt\/wp-json\/wp\/v2\/media?parent=40304"}],"curies":[{"name":"wp","href":"https:\/\/api.w.org\/{rel}","templated":true}]}}