{"id":18413,"date":"2018-12-13T14:35:20","date_gmt":"2018-12-13T14:35:20","guid":{"rendered":"https:\/\/imm.medicina.ulisboa.pt\/?page_id=18413"},"modified":"2019-11-12T18:19:48","modified_gmt":"2019-11-12T18:19:48","slug":"other-courses","status":"publish","type":"page","link":"https:\/\/imm.medicina.ulisboa.pt\/pt-pt\/other-courses\/","title":{"rendered":"Cursos"},"content":{"rendered":"<p style=\"text-align: left\">O programa de doutoramento organiza anualmente um conjunto de cursos avan\u00e7ados para os seus doutorandos em t\u00f3picos cient\u00edficos em \u00e1reas m\u00e9dicas e afins. Estes cursos est\u00e3o tamb\u00e9m abertos a outros participantes.<\/p>\n<p style=\"text-align: left\">\nO iMM organiza tamb\u00e9m outros cursos, direccionados para outros grupos-alvo, ou para a comunidade do iMM.<\/p>\n<h5 style=\"text-align: left\">Pr\u00f3ximos Cursos<\/h5>\n<p style=\"text-align: left\"><a href=\"https:\/\/www.medicina.ulisboa.pt\/programa-de-doutoramento-do-centro-academico-de-medicina-de-lisboa-phd-caml\" target=\"_blank\" rel=\"noopener noreferrer\">Cursos no \u00e2mbito do Programa Doutoral do CAML<\/a><\/p>\n<p style=\"text-align: left\">Para quest\u00f5es relacionadas com os cursos CAML por favor contacte: camlphd@medicina.ulisboa.pt<\/p>\n","protected":false},"excerpt":{"rendered":"<p>O programa de doutoramento organiza anualmente um conjunto de cursos avan\u00e7ados para os seus doutorandos em t\u00f3picos cient\u00edficos em \u00e1reas m\u00e9dicas e afins. Estes cursos est\u00e3o tamb\u00e9m abertos a outros participantes. O iMM organiza tamb\u00e9m outros cursos, direccionados para outros grupos-alvo, ou para a comunidade do iMM. Pr\u00f3ximos Cursos Cursos no \u00e2mbito do Programa Doutoral [&hellip;]<\/p>\n","protected":false},"author":1,"featured_media":0,"parent":0,"menu_order":0,"comment_status":"closed","ping_status":"closed","template":"","meta":[],"yoast_head":"<!-- This site is optimized with the Yoast SEO plugin v17.4 - https:\/\/yoast.com\/wordpress\/plugins\/seo\/ -->\n<title>Cursos - iMM<\/title>\n<meta name=\"description\" content=\"Cursos para doutorandos em t\u00f3picos cient\u00edficos em \u00e1reas m\u00e9dicas e afins e cursos para outros grupos-alvo, ou para a comunidade do iMM.\" \/>\n<meta name=\"robots\" content=\"index, follow, max-snippet:-1, max-image-preview:large, max-video-preview:-1\" \/>\n<link rel=\"canonical\" href=\"https:\/\/imm.medicina.ulisboa.pt\/pt-pt\/other-courses\/\" \/>\n<meta property=\"og:locale\" content=\"pt_PT\" \/>\n<meta property=\"og:type\" content=\"article\" \/>\n<meta property=\"og:title\" content=\"Cursos - iMM\" \/>\n<meta property=\"og:description\" content=\"Cursos para doutorandos em t\u00f3picos cient\u00edficos em \u00e1reas m\u00e9dicas e afins e cursos para outros grupos-alvo, ou para a comunidade do iMM.\" \/>\n<meta property=\"og:url\" content=\"https:\/\/imm.medicina.ulisboa.pt\/pt-pt\/other-courses\/\" \/>\n<meta property=\"og:site_name\" content=\"iMM\" \/>\n<meta property=\"article:modified_time\" content=\"2019-11-12T18:19:48+00:00\" \/>\n<meta name=\"twitter:card\" content=\"summary_large_image\" \/>\n<script type=\"application\/ld+json\" class=\"yoast-schema-graph\">{\"@context\":\"https:\/\/schema.org\",\"@graph\":[{\"@type\":\"WebSite\",\"@id\":\"https:\/\/imm.medicina.ulisboa.pt\/#website\",\"url\":\"https:\/\/imm.medicina.ulisboa.pt\/\",\"name\":\"iMM\",\"description\":\"Bem-Vindo ao iMM Jo\\u00e3o Lobo Antunes\",\"potentialAction\":[{\"@type\":\"SearchAction\",\"target\":{\"@type\":\"EntryPoint\",\"urlTemplate\":\"https:\/\/imm.medicina.ulisboa.pt\/?s={search_term_string}\"},\"query-input\":\"required name=search_term_string\"}],\"inLanguage\":\"pt-PT\"},{\"@type\":\"WebPage\",\"@id\":\"https:\/\/imm.medicina.ulisboa.pt\/pt-pt\/other-courses\/#webpage\",\"url\":\"https:\/\/imm.medicina.ulisboa.pt\/pt-pt\/other-courses\/\",\"name\":\"Cursos - iMM\",\"isPartOf\":{\"@id\":\"https:\/\/imm.medicina.ulisboa.pt\/#website\"},\"datePublished\":\"2018-12-13T14:35:20+00:00\",\"dateModified\":\"2019-11-12T18:19:48+00:00\",\"description\":\"Cursos para doutorandos em t\\u00f3picos cient\\u00edficos em \\u00e1reas m\\u00e9dicas e afins e cursos para outros grupos-alvo, ou para a comunidade do iMM.\",\"breadcrumb\":{\"@id\":\"https:\/\/imm.medicina.ulisboa.pt\/pt-pt\/other-courses\/#breadcrumb\"},\"inLanguage\":\"pt-PT\",\"potentialAction\":[{\"@type\":\"ReadAction\",\"target\":[\"https:\/\/imm.medicina.ulisboa.pt\/pt-pt\/other-courses\/\"]}]},{\"@type\":\"BreadcrumbList\",\"@id\":\"https:\/\/imm.medicina.ulisboa.pt\/pt-pt\/other-courses\/#breadcrumb\",\"itemListElement\":[{\"@type\":\"ListItem\",\"position\":1,\"name\":\"In\\u00edcio\",\"item\":\"https:\/\/imm.medicina.ulisboa.pt\/pt-pt\/\"},{\"@type\":\"ListItem\",\"position\":2,\"name\":\"Cursos\"}]}]}<\/script>\n<!-- \/ Yoast SEO plugin. -->","yoast_head_json":{"title":"Cursos - iMM","description":"Cursos para doutorandos em t\u00f3picos cient\u00edficos em \u00e1reas m\u00e9dicas e afins e cursos para outros grupos-alvo, ou para a comunidade do iMM.","robots":{"index":"index","follow":"follow","max-snippet":"max-snippet:-1","max-image-preview":"max-image-preview:large","max-video-preview":"max-video-preview:-1"},"canonical":"https:\/\/imm.medicina.ulisboa.pt\/pt-pt\/other-courses\/","og_locale":"pt_PT","og_type":"article","og_title":"Cursos - iMM","og_description":"Cursos para doutorandos em t\u00f3picos cient\u00edficos em \u00e1reas m\u00e9dicas e afins e cursos para outros grupos-alvo, ou para a comunidade do iMM.","og_url":"https:\/\/imm.medicina.ulisboa.pt\/pt-pt\/other-courses\/","og_site_name":"iMM","article_modified_time":"2019-11-12T18:19:48+00:00","twitter_card":"summary_large_image","schema":{"@context":"https:\/\/schema.org","@graph":[{"@type":"WebSite","@id":"https:\/\/imm.medicina.ulisboa.pt\/#website","url":"https:\/\/imm.medicina.ulisboa.pt\/","name":"iMM","description":"Bem-Vindo ao iMM Jo\u00e3o Lobo Antunes","potentialAction":[{"@type":"SearchAction","target":{"@type":"EntryPoint","urlTemplate":"https:\/\/imm.medicina.ulisboa.pt\/?s={search_term_string}"},"query-input":"required name=search_term_string"}],"inLanguage":"pt-PT"},{"@type":"WebPage","@id":"https:\/\/imm.medicina.ulisboa.pt\/pt-pt\/other-courses\/#webpage","url":"https:\/\/imm.medicina.ulisboa.pt\/pt-pt\/other-courses\/","name":"Cursos - iMM","isPartOf":{"@id":"https:\/\/imm.medicina.ulisboa.pt\/#website"},"datePublished":"2018-12-13T14:35:20+00:00","dateModified":"2019-11-12T18:19:48+00:00","description":"Cursos para doutorandos em t\u00f3picos cient\u00edficos em \u00e1reas m\u00e9dicas e afins e cursos para outros grupos-alvo, ou para a comunidade do iMM.","breadcrumb":{"@id":"https:\/\/imm.medicina.ulisboa.pt\/pt-pt\/other-courses\/#breadcrumb"},"inLanguage":"pt-PT","potentialAction":[{"@type":"ReadAction","target":["https:\/\/imm.medicina.ulisboa.pt\/pt-pt\/other-courses\/"]}]},{"@type":"BreadcrumbList","@id":"https:\/\/imm.medicina.ulisboa.pt\/pt-pt\/other-courses\/#breadcrumb","itemListElement":[{"@type":"ListItem","position":1,"name":"In\u00edcio","item":"https:\/\/imm.medicina.ulisboa.pt\/pt-pt\/"},{"@type":"ListItem","position":2,"name":"Cursos"}]}]}},"_links":{"self":[{"href":"https:\/\/imm.medicina.ulisboa.pt\/pt-pt\/wp-json\/wp\/v2\/pages\/18413"}],"collection":[{"href":"https:\/\/imm.medicina.ulisboa.pt\/pt-pt\/wp-json\/wp\/v2\/pages"}],"about":[{"href":"https:\/\/imm.medicina.ulisboa.pt\/pt-pt\/wp-json\/wp\/v2\/types\/page"}],"author":[{"embeddable":true,"href":"https:\/\/imm.medicina.ulisboa.pt\/pt-pt\/wp-json\/wp\/v2\/users\/1"}],"replies":[{"embeddable":true,"href":"https:\/\/imm.medicina.ulisboa.pt\/pt-pt\/wp-json\/wp\/v2\/comments?post=18413"}],"version-history":[{"count":4,"href":"https:\/\/imm.medicina.ulisboa.pt\/pt-pt\/wp-json\/wp\/v2\/pages\/18413\/revisions"}],"predecessor-version":[{"id":36983,"href":"https:\/\/imm.medicina.ulisboa.pt\/pt-pt\/wp-json\/wp\/v2\/pages\/18413\/revisions\/36983"}],"wp:attachment":[{"href":"https:\/\/imm.medicina.ulisboa.pt\/pt-pt\/wp-json\/wp\/v2\/media?parent=18413"}],"curies":[{"name":"wp","href":"https:\/\/api.w.org\/{rel}","templated":true}]}}