{"id":18411,"date":"2018-12-13T14:32:35","date_gmt":"2018-12-13T14:32:35","guid":{"rendered":"https:\/\/imm.medicina.ulisboa.pt\/?page_id=18411"},"modified":"2024-06-25T11:18:33","modified_gmt":"2024-06-25T10:18:33","slug":"master-training","status":"publish","type":"page","link":"https:\/\/imm.medicina.ulisboa.pt\/pt-pt\/master-training\/","title":{"rendered":"Est\u00e1gios de Mestrado"},"content":{"rendered":"<p style=\"text-align: left;\">Todos os anos o iMM acolhe alunos de Mestrado que desenvolvem os seus projectos de investiga\u00e7\u00e3o com vista \u00e0 prepara\u00e7\u00e3o das respectivas disserta\u00e7\u00f5es.<\/p>\r\n\r\n<p>&nbsp;<\/p>\r\n","protected":false},"excerpt":{"rendered":"<p>Todos os anos o iMM acolhe alunos de Mestrado que desenvolvem os seus projectos de investiga\u00e7\u00e3o com vista \u00e0 prepara\u00e7\u00e3o das respectivas disserta\u00e7\u00f5es. &nbsp;<\/p>\n","protected":false},"author":1,"featured_media":0,"parent":0,"menu_order":1,"comment_status":"closed","ping_status":"closed","template":"","meta":[],"yoast_head":"<!-- This site is optimized with the Yoast SEO plugin v17.4 - https:\/\/yoast.com\/wordpress\/plugins\/seo\/ -->\n<title>Est\u00e1gios de Mestrado - iMM<\/title>\n<meta name=\"description\" content=\"O iMM acolhe alunos de Mestrado que desenvolvem projectos de investiga\u00e7\u00e3o com vista \u00e0 prepara\u00e7\u00e3o das disserta\u00e7\u00f5es. Saiba mais.\" \/>\n<meta name=\"robots\" content=\"index, follow, max-snippet:-1, max-image-preview:large, max-video-preview:-1\" \/>\n<link rel=\"canonical\" href=\"https:\/\/imm.medicina.ulisboa.pt\/pt-pt\/master-training\/\" \/>\n<meta property=\"og:locale\" content=\"pt_PT\" \/>\n<meta property=\"og:type\" content=\"article\" \/>\n<meta property=\"og:title\" content=\"Est\u00e1gios de Mestrado - iMM\" \/>\n<meta property=\"og:description\" content=\"O iMM acolhe alunos de Mestrado que desenvolvem projectos de investiga\u00e7\u00e3o com vista \u00e0 prepara\u00e7\u00e3o das disserta\u00e7\u00f5es. Saiba mais.\" \/>\n<meta property=\"og:url\" content=\"https:\/\/imm.medicina.ulisboa.pt\/pt-pt\/master-training\/\" \/>\n<meta property=\"og:site_name\" content=\"iMM\" \/>\n<meta property=\"article:modified_time\" content=\"2024-06-25T10:18:33+00:00\" \/>\n<meta name=\"twitter:card\" content=\"summary_large_image\" \/>\n<script type=\"application\/ld+json\" class=\"yoast-schema-graph\">{\"@context\":\"https:\/\/schema.org\",\"@graph\":[{\"@type\":\"WebSite\",\"@id\":\"https:\/\/imm.medicina.ulisboa.pt\/#website\",\"url\":\"https:\/\/imm.medicina.ulisboa.pt\/\",\"name\":\"iMM\",\"description\":\"Bem-Vindo ao iMM Jo\\u00e3o Lobo Antunes\",\"potentialAction\":[{\"@type\":\"SearchAction\",\"target\":{\"@type\":\"EntryPoint\",\"urlTemplate\":\"https:\/\/imm.medicina.ulisboa.pt\/?s={search_term_string}\"},\"query-input\":\"required name=search_term_string\"}],\"inLanguage\":\"pt-PT\"},{\"@type\":\"WebPage\",\"@id\":\"https:\/\/imm.medicina.ulisboa.pt\/pt-pt\/master-training\/#webpage\",\"url\":\"https:\/\/imm.medicina.ulisboa.pt\/pt-pt\/master-training\/\",\"name\":\"Est\\u00e1gios de Mestrado - iMM\",\"isPartOf\":{\"@id\":\"https:\/\/imm.medicina.ulisboa.pt\/#website\"},\"datePublished\":\"2018-12-13T14:32:35+00:00\",\"dateModified\":\"2024-06-25T10:18:33+00:00\",\"description\":\"O iMM acolhe alunos de Mestrado que desenvolvem projectos de investiga\\u00e7\\u00e3o com vista \\u00e0 prepara\\u00e7\\u00e3o das disserta\\u00e7\\u00f5es. Saiba mais.\",\"breadcrumb\":{\"@id\":\"https:\/\/imm.medicina.ulisboa.pt\/pt-pt\/master-training\/#breadcrumb\"},\"inLanguage\":\"pt-PT\",\"potentialAction\":[{\"@type\":\"ReadAction\",\"target\":[\"https:\/\/imm.medicina.ulisboa.pt\/pt-pt\/master-training\/\"]}]},{\"@type\":\"BreadcrumbList\",\"@id\":\"https:\/\/imm.medicina.ulisboa.pt\/pt-pt\/master-training\/#breadcrumb\",\"itemListElement\":[{\"@type\":\"ListItem\",\"position\":1,\"name\":\"In\\u00edcio\",\"item\":\"https:\/\/imm.medicina.ulisboa.pt\/pt-pt\/\"},{\"@type\":\"ListItem\",\"position\":2,\"name\":\"Est\\u00e1gios de Mestrado\"}]}]}<\/script>\n<!-- \/ Yoast SEO plugin. -->","yoast_head_json":{"title":"Est\u00e1gios de Mestrado - iMM","description":"O iMM acolhe alunos de Mestrado que desenvolvem projectos de investiga\u00e7\u00e3o com vista \u00e0 prepara\u00e7\u00e3o das disserta\u00e7\u00f5es. Saiba mais.","robots":{"index":"index","follow":"follow","max-snippet":"max-snippet:-1","max-image-preview":"max-image-preview:large","max-video-preview":"max-video-preview:-1"},"canonical":"https:\/\/imm.medicina.ulisboa.pt\/pt-pt\/master-training\/","og_locale":"pt_PT","og_type":"article","og_title":"Est\u00e1gios de Mestrado - iMM","og_description":"O iMM acolhe alunos de Mestrado que desenvolvem projectos de investiga\u00e7\u00e3o com vista \u00e0 prepara\u00e7\u00e3o das disserta\u00e7\u00f5es. Saiba mais.","og_url":"https:\/\/imm.medicina.ulisboa.pt\/pt-pt\/master-training\/","og_site_name":"iMM","article_modified_time":"2024-06-25T10:18:33+00:00","twitter_card":"summary_large_image","schema":{"@context":"https:\/\/schema.org","@graph":[{"@type":"WebSite","@id":"https:\/\/imm.medicina.ulisboa.pt\/#website","url":"https:\/\/imm.medicina.ulisboa.pt\/","name":"iMM","description":"Bem-Vindo ao iMM Jo\u00e3o Lobo Antunes","potentialAction":[{"@type":"SearchAction","target":{"@type":"EntryPoint","urlTemplate":"https:\/\/imm.medicina.ulisboa.pt\/?s={search_term_string}"},"query-input":"required name=search_term_string"}],"inLanguage":"pt-PT"},{"@type":"WebPage","@id":"https:\/\/imm.medicina.ulisboa.pt\/pt-pt\/master-training\/#webpage","url":"https:\/\/imm.medicina.ulisboa.pt\/pt-pt\/master-training\/","name":"Est\u00e1gios de Mestrado - iMM","isPartOf":{"@id":"https:\/\/imm.medicina.ulisboa.pt\/#website"},"datePublished":"2018-12-13T14:32:35+00:00","dateModified":"2024-06-25T10:18:33+00:00","description":"O iMM acolhe alunos de Mestrado que desenvolvem projectos de investiga\u00e7\u00e3o com vista \u00e0 prepara\u00e7\u00e3o das disserta\u00e7\u00f5es. Saiba mais.","breadcrumb":{"@id":"https:\/\/imm.medicina.ulisboa.pt\/pt-pt\/master-training\/#breadcrumb"},"inLanguage":"pt-PT","potentialAction":[{"@type":"ReadAction","target":["https:\/\/imm.medicina.ulisboa.pt\/pt-pt\/master-training\/"]}]},{"@type":"BreadcrumbList","@id":"https:\/\/imm.medicina.ulisboa.pt\/pt-pt\/master-training\/#breadcrumb","itemListElement":[{"@type":"ListItem","position":1,"name":"In\u00edcio","item":"https:\/\/imm.medicina.ulisboa.pt\/pt-pt\/"},{"@type":"ListItem","position":2,"name":"Est\u00e1gios de Mestrado"}]}]}},"_links":{"self":[{"href":"https:\/\/imm.medicina.ulisboa.pt\/pt-pt\/wp-json\/wp\/v2\/pages\/18411"}],"collection":[{"href":"https:\/\/imm.medicina.ulisboa.pt\/pt-pt\/wp-json\/wp\/v2\/pages"}],"about":[{"href":"https:\/\/imm.medicina.ulisboa.pt\/pt-pt\/wp-json\/wp\/v2\/types\/page"}],"author":[{"embeddable":true,"href":"https:\/\/imm.medicina.ulisboa.pt\/pt-pt\/wp-json\/wp\/v2\/users\/1"}],"replies":[{"embeddable":true,"href":"https:\/\/imm.medicina.ulisboa.pt\/pt-pt\/wp-json\/wp\/v2\/comments?post=18411"}],"version-history":[{"count":8,"href":"https:\/\/imm.medicina.ulisboa.pt\/pt-pt\/wp-json\/wp\/v2\/pages\/18411\/revisions"}],"predecessor-version":[{"id":1045150,"href":"https:\/\/imm.medicina.ulisboa.pt\/pt-pt\/wp-json\/wp\/v2\/pages\/18411\/revisions\/1045150"}],"wp:attachment":[{"href":"https:\/\/imm.medicina.ulisboa.pt\/pt-pt\/wp-json\/wp\/v2\/media?parent=18411"}],"curies":[{"name":"wp","href":"https:\/\/api.w.org\/{rel}","templated":true}]}}