{"id":18409,"date":"2019-03-28T17:23:58","date_gmt":"2019-03-28T17:23:58","guid":{"rendered":"https:\/\/imm.medicina.ulisboa.pt\/?page_id=18409"},"modified":"2021-10-18T08:55:21","modified_gmt":"2021-10-18T07:55:21","slug":"tech-transfer","status":"publish","type":"page","link":"https:\/\/imm.medicina.ulisboa.pt\/pt-pt\/innovation\/tech-transfer\/","title":{"rendered":"Investigadores e Inventores"},"content":{"rendered":"\n<p>Os nossos investigadores s\u00e3o o ativo principal para impulsionar a inova\u00e7\u00e3o no iMM. A nossa equipa orienta os investigadores a entender o potencial comercial das suas ideias e resultados, faz contactos com a ind\u00fastria, e a expande o impacto da pesquisa promovendo a transi\u00e7\u00e3o das suas descobertas e inven\u00e7\u00f5es do laborat\u00f3rio para os benef\u00edcios da vida real.<\/p>\n","protected":false},"excerpt":{"rendered":"<p>Os nossos investigadores s\u00e3o o ativo principal para impulsionar a inova\u00e7\u00e3o no iMM. A nossa equipa orienta os investigadores a entender o potencial comercial das suas ideias e resultados, faz contactos com a ind\u00fastria, e a expande o impacto da pesquisa promovendo a transi\u00e7\u00e3o das suas descobertas e inven\u00e7\u00f5es do laborat\u00f3rio para os benef\u00edcios da [&hellip;]<\/p>\n","protected":false},"author":1,"featured_media":0,"parent":18405,"menu_order":1,"comment_status":"closed","ping_status":"closed","template":"","meta":[],"yoast_head":"<!-- This site is optimized with the Yoast SEO plugin v17.4 - https:\/\/yoast.com\/wordpress\/plugins\/seo\/ -->\n<title>Investigadores e Inventores - iMM<\/title>\n<meta name=\"description\" content=\"Promo\u00e7\u00e3o da transi\u00e7\u00e3o das descobertas e inven\u00e7\u00f5es do laborat\u00f3rio para os benef\u00edcios da vida real.\" \/>\n<meta name=\"robots\" content=\"index, follow, max-snippet:-1, max-image-preview:large, max-video-preview:-1\" \/>\n<link rel=\"canonical\" href=\"https:\/\/imm.medicina.ulisboa.pt\/pt-pt\/innovation\/tech-transfer\/\" \/>\n<meta property=\"og:locale\" content=\"pt_PT\" \/>\n<meta property=\"og:type\" content=\"article\" \/>\n<meta property=\"og:title\" content=\"Investigadores e Inventores - iMM\" \/>\n<meta property=\"og:description\" content=\"Promo\u00e7\u00e3o da transi\u00e7\u00e3o das descobertas e inven\u00e7\u00f5es do laborat\u00f3rio para os benef\u00edcios da vida real.\" \/>\n<meta property=\"og:url\" content=\"https:\/\/imm.medicina.ulisboa.pt\/pt-pt\/innovation\/tech-transfer\/\" \/>\n<meta property=\"og:site_name\" content=\"iMM\" \/>\n<meta property=\"article:modified_time\" content=\"2021-10-18T07:55:21+00:00\" \/>\n<meta name=\"twitter:card\" content=\"summary_large_image\" \/>\n<script type=\"application\/ld+json\" class=\"yoast-schema-graph\">{\"@context\":\"https:\/\/schema.org\",\"@graph\":[{\"@type\":\"WebSite\",\"@id\":\"https:\/\/imm.medicina.ulisboa.pt\/#website\",\"url\":\"https:\/\/imm.medicina.ulisboa.pt\/\",\"name\":\"iMM\",\"description\":\"Bem-Vindo ao iMM Jo\\u00e3o Lobo Antunes\",\"potentialAction\":[{\"@type\":\"SearchAction\",\"target\":{\"@type\":\"EntryPoint\",\"urlTemplate\":\"https:\/\/imm.medicina.ulisboa.pt\/?s={search_term_string}\"},\"query-input\":\"required name=search_term_string\"}],\"inLanguage\":\"pt-PT\"},{\"@type\":\"WebPage\",\"@id\":\"https:\/\/imm.medicina.ulisboa.pt\/pt-pt\/innovation\/tech-transfer\/#webpage\",\"url\":\"https:\/\/imm.medicina.ulisboa.pt\/pt-pt\/innovation\/tech-transfer\/\",\"name\":\"Investigadores e Inventores - iMM\",\"isPartOf\":{\"@id\":\"https:\/\/imm.medicina.ulisboa.pt\/#website\"},\"datePublished\":\"2019-03-28T17:23:58+00:00\",\"dateModified\":\"2021-10-18T07:55:21+00:00\",\"description\":\"Promo\\u00e7\\u00e3o da transi\\u00e7\\u00e3o das descobertas e inven\\u00e7\\u00f5es do laborat\\u00f3rio para os benef\\u00edcios da vida real.\",\"breadcrumb\":{\"@id\":\"https:\/\/imm.medicina.ulisboa.pt\/pt-pt\/innovation\/tech-transfer\/#breadcrumb\"},\"inLanguage\":\"pt-PT\",\"potentialAction\":[{\"@type\":\"ReadAction\",\"target\":[\"https:\/\/imm.medicina.ulisboa.pt\/pt-pt\/innovation\/tech-transfer\/\"]}]},{\"@type\":\"BreadcrumbList\",\"@id\":\"https:\/\/imm.medicina.ulisboa.pt\/pt-pt\/innovation\/tech-transfer\/#breadcrumb\",\"itemListElement\":[{\"@type\":\"ListItem\",\"position\":1,\"name\":\"In\\u00edcio\",\"item\":\"https:\/\/imm.medicina.ulisboa.pt\/pt-pt\/\"},{\"@type\":\"ListItem\",\"position\":2,\"name\":\"Inova\\u00e7\\u00e3o\",\"item\":\"https:\/\/imm.medicina.ulisboa.pt\/pt-pt\/innovation\/\"},{\"@type\":\"ListItem\",\"position\":3,\"name\":\"Investigadores e Inventores\"}]}]}<\/script>\n<!-- \/ Yoast SEO plugin. -->","yoast_head_json":{"title":"Investigadores e Inventores - iMM","description":"Promo\u00e7\u00e3o da transi\u00e7\u00e3o das descobertas e inven\u00e7\u00f5es do laborat\u00f3rio para os benef\u00edcios da vida real.","robots":{"index":"index","follow":"follow","max-snippet":"max-snippet:-1","max-image-preview":"max-image-preview:large","max-video-preview":"max-video-preview:-1"},"canonical":"https:\/\/imm.medicina.ulisboa.pt\/pt-pt\/innovation\/tech-transfer\/","og_locale":"pt_PT","og_type":"article","og_title":"Investigadores e Inventores - iMM","og_description":"Promo\u00e7\u00e3o da transi\u00e7\u00e3o das descobertas e inven\u00e7\u00f5es do laborat\u00f3rio para os benef\u00edcios da vida real.","og_url":"https:\/\/imm.medicina.ulisboa.pt\/pt-pt\/innovation\/tech-transfer\/","og_site_name":"iMM","article_modified_time":"2021-10-18T07:55:21+00:00","twitter_card":"summary_large_image","schema":{"@context":"https:\/\/schema.org","@graph":[{"@type":"WebSite","@id":"https:\/\/imm.medicina.ulisboa.pt\/#website","url":"https:\/\/imm.medicina.ulisboa.pt\/","name":"iMM","description":"Bem-Vindo ao iMM Jo\u00e3o Lobo Antunes","potentialAction":[{"@type":"SearchAction","target":{"@type":"EntryPoint","urlTemplate":"https:\/\/imm.medicina.ulisboa.pt\/?s={search_term_string}"},"query-input":"required name=search_term_string"}],"inLanguage":"pt-PT"},{"@type":"WebPage","@id":"https:\/\/imm.medicina.ulisboa.pt\/pt-pt\/innovation\/tech-transfer\/#webpage","url":"https:\/\/imm.medicina.ulisboa.pt\/pt-pt\/innovation\/tech-transfer\/","name":"Investigadores e Inventores - iMM","isPartOf":{"@id":"https:\/\/imm.medicina.ulisboa.pt\/#website"},"datePublished":"2019-03-28T17:23:58+00:00","dateModified":"2021-10-18T07:55:21+00:00","description":"Promo\u00e7\u00e3o da transi\u00e7\u00e3o das descobertas e inven\u00e7\u00f5es do laborat\u00f3rio para os benef\u00edcios da vida real.","breadcrumb":{"@id":"https:\/\/imm.medicina.ulisboa.pt\/pt-pt\/innovation\/tech-transfer\/#breadcrumb"},"inLanguage":"pt-PT","potentialAction":[{"@type":"ReadAction","target":["https:\/\/imm.medicina.ulisboa.pt\/pt-pt\/innovation\/tech-transfer\/"]}]},{"@type":"BreadcrumbList","@id":"https:\/\/imm.medicina.ulisboa.pt\/pt-pt\/innovation\/tech-transfer\/#breadcrumb","itemListElement":[{"@type":"ListItem","position":1,"name":"In\u00edcio","item":"https:\/\/imm.medicina.ulisboa.pt\/pt-pt\/"},{"@type":"ListItem","position":2,"name":"Inova\u00e7\u00e3o","item":"https:\/\/imm.medicina.ulisboa.pt\/pt-pt\/innovation\/"},{"@type":"ListItem","position":3,"name":"Investigadores e Inventores"}]}]}},"_links":{"self":[{"href":"https:\/\/imm.medicina.ulisboa.pt\/pt-pt\/wp-json\/wp\/v2\/pages\/18409"}],"collection":[{"href":"https:\/\/imm.medicina.ulisboa.pt\/pt-pt\/wp-json\/wp\/v2\/pages"}],"about":[{"href":"https:\/\/imm.medicina.ulisboa.pt\/pt-pt\/wp-json\/wp\/v2\/types\/page"}],"author":[{"embeddable":true,"href":"https:\/\/imm.medicina.ulisboa.pt\/pt-pt\/wp-json\/wp\/v2\/users\/1"}],"replies":[{"embeddable":true,"href":"https:\/\/imm.medicina.ulisboa.pt\/pt-pt\/wp-json\/wp\/v2\/comments?post=18409"}],"version-history":[{"count":3,"href":"https:\/\/imm.medicina.ulisboa.pt\/pt-pt\/wp-json\/wp\/v2\/pages\/18409\/revisions"}],"predecessor-version":[{"id":18556,"href":"https:\/\/imm.medicina.ulisboa.pt\/pt-pt\/wp-json\/wp\/v2\/pages\/18409\/revisions\/18556"}],"up":[{"embeddable":true,"href":"https:\/\/imm.medicina.ulisboa.pt\/pt-pt\/wp-json\/wp\/v2\/pages\/18405"}],"wp:attachment":[{"href":"https:\/\/imm.medicina.ulisboa.pt\/pt-pt\/wp-json\/wp\/v2\/media?parent=18409"}],"curies":[{"name":"wp","href":"https:\/\/api.w.org\/{rel}","templated":true}]}}