{"id":18408,"date":"2019-03-28T17:24:22","date_gmt":"2019-03-28T17:24:22","guid":{"rendered":"https:\/\/imm.medicina.ulisboa.pt\/?page_id=18408"},"modified":"2021-09-02T08:52:04","modified_gmt":"2021-09-02T07:52:04","slug":"industry-collaborations","status":"publish","type":"page","link":"https:\/\/imm.medicina.ulisboa.pt\/pt-pt\/innovation\/industry-collaborations\/","title":{"rendered":"Ind\u00fastria e Investidores"},"content":{"rendered":"\n<p>O iMM reconhece a import\u00e2ncia da parceria com a ind\u00fastria e estamos ansiosos por trabalhar com empresas e investidores para atender as suas necessidades exclusivas e procurar objetivos mutuamente ben\u00e9ficos. O iMM est\u00e1 empenhado em trabalhar de forma justa e flex\u00edvel com as empresas e investidores que queiram ser nossos parceiros no trabalho cont\u00ednuo de descobrir e desenvolver a pr\u00f3xima gera\u00e7\u00e3o de solu\u00e7\u00f5es em sa\u00fade.<\/p>\n\n\n\n<blockquote class=\"wp-block-quote\"><p>Pr\u00e1ticas e Princ\u00edpios Chave<\/p><\/blockquote>\n\n\n\n<p><strong>Uso de Resultados.<\/strong> O iMM normalmente possui os dados e resultados gerados pelos seus projetos de investiga\u00e7\u00e3o, exceto nos casos de servi\u00e7os de investiga\u00e7\u00e3o por contrato. Uma empresa pode querer possuir os resultados para a sua pr\u00f3pria vantagem comercial. Podem receber direitos para usar os resultados para os seus pr\u00f3prios prop\u00f3sitos. <\/p>\n\n\n\n<hr class=\"wp-block-separator\"\/>\n\n\n\n<p><strong>Direitos de Propriedade Intelectual.<\/strong> Compreendemos que possam precisar do direito de utilizar a propriedade intelectual desenvolvida nos laborat\u00f3rios do iMM. Queremos ter a certeza que atendemos \u00e0s suas necessidades e temos flexibilidade para estruturar o contrato adequadamente. Da nossa perspetiva, devido a disponibilizarmos recursos exclusivos para os projetos, queremos ter a certeza de que compartilhamos do sucesso comercial do modo apropriado. Para a maioria das nossas parcerias na ind\u00fastria, concedemos uma op\u00e7\u00e3o para licenciar qualquer propriedade intelectual resultante da investiga\u00e7\u00e3o. Para outros, uma licen\u00e7a comercial \u00e9 concedida ao parceiro na ind\u00fastria em troca de futuros pagamentos ou royalties. Em alguns casos, o parceiro pode pagar antecipadamente para garantir uma licen\u00e7a. Em todos os casos, somos capazes de encontrar uma solu\u00e7\u00e3o que funcione para ambas as partes envolvidas. <\/p>\n\n\n\n<hr class=\"wp-block-separator\"\/>\n\n\n\n<p><strong>Confidencialidade e Publica\u00e7\u00e3o.<\/strong> O iMM est\u00e1 empenhado em gerar e disseminar conhecimento e a treinar a pr\u00f3xima gera\u00e7\u00e3o de especialistas, sendo uma parte deste compromisso os nossos investigadores apresentarem e publicarem artigos e disserta\u00e7\u00f5es. Tamb\u00e9m compreendemos que os nossos parceiros da ind\u00fastria tenham de compartilhar informa\u00e7\u00f5es confidenciais connosco. Portanto, permitimos que seja feita uma revis\u00e3o das publica\u00e7\u00f5es propostas por parte dos nossos parceiros, para garantir que as informa\u00e7\u00f5es confidenciais n\u00e3o sejam reveladas inadvertidamente e tamb\u00e9m para identificar a propriedade intelectual que pode exigir prote\u00e7\u00e3o antes da publica\u00e7\u00e3o. Este processo de revis\u00e3o pr\u00e9-publica\u00e7\u00e3o funcionou muito bem e durante v\u00e1rios anos no iMM, e em outras organiza\u00e7\u00f5es de investiga\u00e7\u00e3o \u201camig\u00e1veis\u201d para a ind\u00fastria. O iMM tem tamb\u00e9m a capacidade de realizar investiga\u00e7\u00e3o restritas na ind\u00fastria.\n\n<\/p>\n","protected":false},"excerpt":{"rendered":"<p>O iMM reconhece a import\u00e2ncia da parceria com a ind\u00fastria e estamos ansiosos por trabalhar com empresas e investidores para atender as suas necessidades exclusivas e procurar objetivos mutuamente ben\u00e9ficos. O iMM est\u00e1 empenhado em trabalhar de forma justa e flex\u00edvel com as empresas e investidores que queiram ser nossos parceiros no trabalho cont\u00ednuo de [&hellip;]<\/p>\n","protected":false},"author":1,"featured_media":0,"parent":18405,"menu_order":3,"comment_status":"closed","ping_status":"closed","template":"","meta":[],"yoast_head":"<!-- This site is optimized with the Yoast SEO plugin v17.4 - https:\/\/yoast.com\/wordpress\/plugins\/seo\/ -->\n<title>Ind\u00fastria e Investidores - iMM<\/title>\n<meta name=\"description\" content=\"O iMM cria parcerias com empresas e investidores para atender as suas necessidades exclusivas, procurar objetivos mutuamente ben\u00e9ficos e desenvolver a pr\u00f3xima gera\u00e7\u00e3o de solu\u00e7\u00f5es em sa\u00fade.\" \/>\n<meta name=\"robots\" content=\"index, follow, max-snippet:-1, max-image-preview:large, max-video-preview:-1\" \/>\n<link rel=\"canonical\" href=\"https:\/\/imm.medicina.ulisboa.pt\/pt-pt\/innovation\/industry-collaborations\/\" \/>\n<meta property=\"og:locale\" content=\"pt_PT\" \/>\n<meta property=\"og:type\" content=\"article\" \/>\n<meta property=\"og:title\" content=\"Ind\u00fastria e Investidores - iMM\" \/>\n<meta property=\"og:description\" content=\"O iMM cria parcerias com empresas e investidores para atender as suas necessidades exclusivas, procurar objetivos mutuamente ben\u00e9ficos e desenvolver a pr\u00f3xima gera\u00e7\u00e3o de solu\u00e7\u00f5es em sa\u00fade.\" \/>\n<meta property=\"og:url\" content=\"https:\/\/imm.medicina.ulisboa.pt\/pt-pt\/innovation\/industry-collaborations\/\" \/>\n<meta property=\"og:site_name\" content=\"iMM\" \/>\n<meta property=\"article:modified_time\" content=\"2021-09-02T07:52:04+00:00\" \/>\n<meta name=\"twitter:card\" content=\"summary_large_image\" \/>\n<meta name=\"twitter:label1\" content=\"Tempo estimado de leitura\" \/>\n\t<meta name=\"twitter:data1\" content=\"2 minutos\" \/>\n<script type=\"application\/ld+json\" class=\"yoast-schema-graph\">{\"@context\":\"https:\/\/schema.org\",\"@graph\":[{\"@type\":\"WebSite\",\"@id\":\"https:\/\/imm.medicina.ulisboa.pt\/#website\",\"url\":\"https:\/\/imm.medicina.ulisboa.pt\/\",\"name\":\"iMM\",\"description\":\"Bem-Vindo ao iMM Jo\\u00e3o Lobo Antunes\",\"potentialAction\":[{\"@type\":\"SearchAction\",\"target\":{\"@type\":\"EntryPoint\",\"urlTemplate\":\"https:\/\/imm.medicina.ulisboa.pt\/?s={search_term_string}\"},\"query-input\":\"required name=search_term_string\"}],\"inLanguage\":\"pt-PT\"},{\"@type\":\"WebPage\",\"@id\":\"https:\/\/imm.medicina.ulisboa.pt\/pt-pt\/innovation\/industry-collaborations\/#webpage\",\"url\":\"https:\/\/imm.medicina.ulisboa.pt\/pt-pt\/innovation\/industry-collaborations\/\",\"name\":\"Ind\\u00fastria e Investidores - iMM\",\"isPartOf\":{\"@id\":\"https:\/\/imm.medicina.ulisboa.pt\/#website\"},\"datePublished\":\"2019-03-28T17:24:22+00:00\",\"dateModified\":\"2021-09-02T07:52:04+00:00\",\"description\":\"O iMM cria parcerias com empresas e investidores para atender as suas necessidades exclusivas, procurar objetivos mutuamente ben\\u00e9ficos e desenvolver a pr\\u00f3xima gera\\u00e7\\u00e3o de solu\\u00e7\\u00f5es em sa\\u00fade.\",\"breadcrumb\":{\"@id\":\"https:\/\/imm.medicina.ulisboa.pt\/pt-pt\/innovation\/industry-collaborations\/#breadcrumb\"},\"inLanguage\":\"pt-PT\",\"potentialAction\":[{\"@type\":\"ReadAction\",\"target\":[\"https:\/\/imm.medicina.ulisboa.pt\/pt-pt\/innovation\/industry-collaborations\/\"]}]},{\"@type\":\"BreadcrumbList\",\"@id\":\"https:\/\/imm.medicina.ulisboa.pt\/pt-pt\/innovation\/industry-collaborations\/#breadcrumb\",\"itemListElement\":[{\"@type\":\"ListItem\",\"position\":1,\"name\":\"In\\u00edcio\",\"item\":\"https:\/\/imm.medicina.ulisboa.pt\/pt-pt\/\"},{\"@type\":\"ListItem\",\"position\":2,\"name\":\"Inova\\u00e7\\u00e3o\",\"item\":\"https:\/\/imm.medicina.ulisboa.pt\/pt-pt\/innovation\/\"},{\"@type\":\"ListItem\",\"position\":3,\"name\":\"Ind\\u00fastria e Investidores\"}]}]}<\/script>\n<!-- \/ Yoast SEO plugin. -->","yoast_head_json":{"title":"Ind\u00fastria e Investidores - iMM","description":"O iMM cria parcerias com empresas e investidores para atender as suas necessidades exclusivas, procurar objetivos mutuamente ben\u00e9ficos e desenvolver a pr\u00f3xima gera\u00e7\u00e3o de solu\u00e7\u00f5es em sa\u00fade.","robots":{"index":"index","follow":"follow","max-snippet":"max-snippet:-1","max-image-preview":"max-image-preview:large","max-video-preview":"max-video-preview:-1"},"canonical":"https:\/\/imm.medicina.ulisboa.pt\/pt-pt\/innovation\/industry-collaborations\/","og_locale":"pt_PT","og_type":"article","og_title":"Ind\u00fastria e Investidores - iMM","og_description":"O iMM cria parcerias com empresas e investidores para atender as suas necessidades exclusivas, procurar objetivos mutuamente ben\u00e9ficos e desenvolver a pr\u00f3xima gera\u00e7\u00e3o de solu\u00e7\u00f5es em sa\u00fade.","og_url":"https:\/\/imm.medicina.ulisboa.pt\/pt-pt\/innovation\/industry-collaborations\/","og_site_name":"iMM","article_modified_time":"2021-09-02T07:52:04+00:00","twitter_card":"summary_large_image","twitter_misc":{"Tempo estimado de leitura":"2 minutos"},"schema":{"@context":"https:\/\/schema.org","@graph":[{"@type":"WebSite","@id":"https:\/\/imm.medicina.ulisboa.pt\/#website","url":"https:\/\/imm.medicina.ulisboa.pt\/","name":"iMM","description":"Bem-Vindo ao iMM Jo\u00e3o Lobo Antunes","potentialAction":[{"@type":"SearchAction","target":{"@type":"EntryPoint","urlTemplate":"https:\/\/imm.medicina.ulisboa.pt\/?s={search_term_string}"},"query-input":"required name=search_term_string"}],"inLanguage":"pt-PT"},{"@type":"WebPage","@id":"https:\/\/imm.medicina.ulisboa.pt\/pt-pt\/innovation\/industry-collaborations\/#webpage","url":"https:\/\/imm.medicina.ulisboa.pt\/pt-pt\/innovation\/industry-collaborations\/","name":"Ind\u00fastria e Investidores - iMM","isPartOf":{"@id":"https:\/\/imm.medicina.ulisboa.pt\/#website"},"datePublished":"2019-03-28T17:24:22+00:00","dateModified":"2021-09-02T07:52:04+00:00","description":"O iMM cria parcerias com empresas e investidores para atender as suas necessidades exclusivas, procurar objetivos mutuamente ben\u00e9ficos e desenvolver a pr\u00f3xima gera\u00e7\u00e3o de solu\u00e7\u00f5es em sa\u00fade.","breadcrumb":{"@id":"https:\/\/imm.medicina.ulisboa.pt\/pt-pt\/innovation\/industry-collaborations\/#breadcrumb"},"inLanguage":"pt-PT","potentialAction":[{"@type":"ReadAction","target":["https:\/\/imm.medicina.ulisboa.pt\/pt-pt\/innovation\/industry-collaborations\/"]}]},{"@type":"BreadcrumbList","@id":"https:\/\/imm.medicina.ulisboa.pt\/pt-pt\/innovation\/industry-collaborations\/#breadcrumb","itemListElement":[{"@type":"ListItem","position":1,"name":"In\u00edcio","item":"https:\/\/imm.medicina.ulisboa.pt\/pt-pt\/"},{"@type":"ListItem","position":2,"name":"Inova\u00e7\u00e3o","item":"https:\/\/imm.medicina.ulisboa.pt\/pt-pt\/innovation\/"},{"@type":"ListItem","position":3,"name":"Ind\u00fastria e Investidores"}]}]}},"_links":{"self":[{"href":"https:\/\/imm.medicina.ulisboa.pt\/pt-pt\/wp-json\/wp\/v2\/pages\/18408"}],"collection":[{"href":"https:\/\/imm.medicina.ulisboa.pt\/pt-pt\/wp-json\/wp\/v2\/pages"}],"about":[{"href":"https:\/\/imm.medicina.ulisboa.pt\/pt-pt\/wp-json\/wp\/v2\/types\/page"}],"author":[{"embeddable":true,"href":"https:\/\/imm.medicina.ulisboa.pt\/pt-pt\/wp-json\/wp\/v2\/users\/1"}],"replies":[{"embeddable":true,"href":"https:\/\/imm.medicina.ulisboa.pt\/pt-pt\/wp-json\/wp\/v2\/comments?post=18408"}],"version-history":[{"count":4,"href":"https:\/\/imm.medicina.ulisboa.pt\/pt-pt\/wp-json\/wp\/v2\/pages\/18408\/revisions"}],"predecessor-version":[{"id":40211,"href":"https:\/\/imm.medicina.ulisboa.pt\/pt-pt\/wp-json\/wp\/v2\/pages\/18408\/revisions\/40211"}],"up":[{"embeddable":true,"href":"https:\/\/imm.medicina.ulisboa.pt\/pt-pt\/wp-json\/wp\/v2\/pages\/18405"}],"wp:attachment":[{"href":"https:\/\/imm.medicina.ulisboa.pt\/pt-pt\/wp-json\/wp\/v2\/media?parent=18408"}],"curies":[{"name":"wp","href":"https:\/\/api.w.org\/{rel}","templated":true}]}}