{"id":18404,"date":"2018-12-27T12:13:46","date_gmt":"2018-12-27T12:13:46","guid":{"rendered":"https:\/\/imm.medicina.ulisboa.pt\/?page_id=18404"},"modified":"2022-01-26T17:49:52","modified_gmt":"2022-01-26T17:49:52","slug":"phd-training","status":"publish","type":"page","link":"https:\/\/imm.medicina.ulisboa.pt\/pt-pt\/doutoramentos\/phd-training\/","title":{"rendered":"Forma\u00e7\u00e3o Doutoral"},"content":{"rendered":"<p style=\"text-align: left;\">O iMM pretende atrair Doutorandos motivados e proporcionar-lhes a aquisi\u00e7\u00e3o das compet\u00eancias necess\u00e1rias para enfrentarem com sucesso os desafios e a complexidade inerentes \u00e0 investiga\u00e7\u00e3o biom\u00e9dica e cl\u00ednica.<\/p>\n<p style=\"text-align: left;\">A maioria dos Doutorandos pertencem ao Programa Doutoral Lisbon AMC, que se iniciou em 2010 no Centro Acad\u00e9mico de Medicina de Lisboa. A partir de Janeiro 2014, o iMM possui o seu Programa Doutoral financiado pela F.C.T, denominado <a href=\"https:\/\/lisbonbiomed.imm.medicina.ulisboa.pt\/\" target=\"_blank\" rel=\"noopener\">LisbonBioMed<\/a> (Lisbon Biomedical and Clinical Research PhD Program), que permite recrutar 10 Doutorandos por ano. O iMM acolhe ainda Doutorandos pertencentes a outros Programas nacionais e internacionais.<\/p>\n<p style=\"text-align: left;\">O iMM oferece uma forma\u00e7\u00e3o cient\u00edfica abrangente e diversificada de grande qualidade, promovendo um equil\u00edbrio entre uma supervis\u00e3o pr\u00f3xima e a autonomia para criar e desenvolver as suas pr\u00f3prias ideias, bem como, entre o trabalho em equipa e individual. Pretende-se que os Doutorandos identifiquem os seus objectivos e a construam os seus pr\u00f3prios percursos profissionais individualizados.<\/p>\n<p style=\"text-align: left;\">O iMM encoraja fortemente os seus Doutorandos a partilhar o seu entusiasmo pela ci\u00eancia e os seus outros interesses atrav\u00e9s de v\u00e1rias actividades que organizam (ver <a href=\"https:\/\/imm.medicina.ulisboa.pt\/pt-pt\/doutoramentos\/actividades-dos-doutorandos\/\">Actividades dos Doutorandos<\/a>).<\/p>\n","protected":false},"excerpt":{"rendered":"<p>O iMM pretende atrair Doutorandos motivados e proporcionar-lhes a aquisi\u00e7\u00e3o das compet\u00eancias necess\u00e1rias para enfrentarem com sucesso os desafios e a complexidade inerentes \u00e0 investiga\u00e7\u00e3o biom\u00e9dica e cl\u00ednica. A maioria dos Doutorandos pertencem ao Programa Doutoral Lisbon AMC, que se iniciou em 2010 no Centro Acad\u00e9mico de Medicina de Lisboa. A partir de Janeiro 2014, [&hellip;]<\/p>\n","protected":false},"author":1,"featured_media":0,"parent":18402,"menu_order":1,"comment_status":"closed","ping_status":"closed","template":"","meta":[],"yoast_head":"<!-- This site is optimized with the Yoast SEO plugin v17.4 - https:\/\/yoast.com\/wordpress\/plugins\/seo\/ -->\n<title>Forma\u00e7\u00e3o Doutoral - iMM<\/title>\n<meta name=\"description\" content=\"O iMM procura recrutar alunos excepcionalmente motivados e empenhados. Saiba mais.\" \/>\n<meta name=\"robots\" content=\"index, follow, max-snippet:-1, max-image-preview:large, max-video-preview:-1\" \/>\n<link rel=\"canonical\" href=\"https:\/\/imm.medicina.ulisboa.pt\/pt-pt\/doutoramentos\/phd-training\/\" \/>\n<meta property=\"og:locale\" content=\"pt_PT\" \/>\n<meta property=\"og:type\" content=\"article\" \/>\n<meta property=\"og:title\" content=\"Forma\u00e7\u00e3o Doutoral - iMM\" \/>\n<meta property=\"og:description\" content=\"O iMM procura recrutar alunos excepcionalmente motivados e empenhados. Saiba mais.\" \/>\n<meta property=\"og:url\" content=\"https:\/\/imm.medicina.ulisboa.pt\/pt-pt\/doutoramentos\/phd-training\/\" \/>\n<meta property=\"og:site_name\" content=\"iMM\" \/>\n<meta property=\"article:modified_time\" content=\"2022-01-26T17:49:52+00:00\" \/>\n<meta name=\"twitter:card\" content=\"summary_large_image\" \/>\n<meta name=\"twitter:label1\" content=\"Tempo estimado de leitura\" \/>\n\t<meta name=\"twitter:data1\" content=\"1 minuto\" \/>\n<script type=\"application\/ld+json\" class=\"yoast-schema-graph\">{\"@context\":\"https:\/\/schema.org\",\"@graph\":[{\"@type\":\"WebSite\",\"@id\":\"https:\/\/imm.medicina.ulisboa.pt\/#website\",\"url\":\"https:\/\/imm.medicina.ulisboa.pt\/\",\"name\":\"iMM\",\"description\":\"Bem-Vindo ao iMM Jo\\u00e3o Lobo Antunes\",\"potentialAction\":[{\"@type\":\"SearchAction\",\"target\":{\"@type\":\"EntryPoint\",\"urlTemplate\":\"https:\/\/imm.medicina.ulisboa.pt\/?s={search_term_string}\"},\"query-input\":\"required name=search_term_string\"}],\"inLanguage\":\"pt-PT\"},{\"@type\":\"WebPage\",\"@id\":\"https:\/\/imm.medicina.ulisboa.pt\/pt-pt\/doutoramentos\/phd-training\/#webpage\",\"url\":\"https:\/\/imm.medicina.ulisboa.pt\/pt-pt\/doutoramentos\/phd-training\/\",\"name\":\"Forma\\u00e7\\u00e3o Doutoral - iMM\",\"isPartOf\":{\"@id\":\"https:\/\/imm.medicina.ulisboa.pt\/#website\"},\"datePublished\":\"2018-12-27T12:13:46+00:00\",\"dateModified\":\"2022-01-26T17:49:52+00:00\",\"description\":\"O iMM procura recrutar alunos excepcionalmente motivados e empenhados. Saiba mais.\",\"breadcrumb\":{\"@id\":\"https:\/\/imm.medicina.ulisboa.pt\/pt-pt\/doutoramentos\/phd-training\/#breadcrumb\"},\"inLanguage\":\"pt-PT\",\"potentialAction\":[{\"@type\":\"ReadAction\",\"target\":[\"https:\/\/imm.medicina.ulisboa.pt\/pt-pt\/doutoramentos\/phd-training\/\"]}]},{\"@type\":\"BreadcrumbList\",\"@id\":\"https:\/\/imm.medicina.ulisboa.pt\/pt-pt\/doutoramentos\/phd-training\/#breadcrumb\",\"itemListElement\":[{\"@type\":\"ListItem\",\"position\":1,\"name\":\"In\\u00edcio\",\"item\":\"https:\/\/imm.medicina.ulisboa.pt\/pt-pt\/\"},{\"@type\":\"ListItem\",\"position\":2,\"name\":\"Doutoramentos\",\"item\":\"https:\/\/imm.medicina.ulisboa.pt\/pt-pt\/doutoramentos\/\"},{\"@type\":\"ListItem\",\"position\":3,\"name\":\"Forma\\u00e7\\u00e3o Doutoral\"}]}]}<\/script>\n<!-- \/ Yoast SEO plugin. -->","yoast_head_json":{"title":"Forma\u00e7\u00e3o Doutoral - iMM","description":"O iMM procura recrutar alunos excepcionalmente motivados e empenhados. Saiba mais.","robots":{"index":"index","follow":"follow","max-snippet":"max-snippet:-1","max-image-preview":"max-image-preview:large","max-video-preview":"max-video-preview:-1"},"canonical":"https:\/\/imm.medicina.ulisboa.pt\/pt-pt\/doutoramentos\/phd-training\/","og_locale":"pt_PT","og_type":"article","og_title":"Forma\u00e7\u00e3o Doutoral - iMM","og_description":"O iMM procura recrutar alunos excepcionalmente motivados e empenhados. Saiba mais.","og_url":"https:\/\/imm.medicina.ulisboa.pt\/pt-pt\/doutoramentos\/phd-training\/","og_site_name":"iMM","article_modified_time":"2022-01-26T17:49:52+00:00","twitter_card":"summary_large_image","twitter_misc":{"Tempo estimado de leitura":"1 minuto"},"schema":{"@context":"https:\/\/schema.org","@graph":[{"@type":"WebSite","@id":"https:\/\/imm.medicina.ulisboa.pt\/#website","url":"https:\/\/imm.medicina.ulisboa.pt\/","name":"iMM","description":"Bem-Vindo ao iMM Jo\u00e3o Lobo Antunes","potentialAction":[{"@type":"SearchAction","target":{"@type":"EntryPoint","urlTemplate":"https:\/\/imm.medicina.ulisboa.pt\/?s={search_term_string}"},"query-input":"required name=search_term_string"}],"inLanguage":"pt-PT"},{"@type":"WebPage","@id":"https:\/\/imm.medicina.ulisboa.pt\/pt-pt\/doutoramentos\/phd-training\/#webpage","url":"https:\/\/imm.medicina.ulisboa.pt\/pt-pt\/doutoramentos\/phd-training\/","name":"Forma\u00e7\u00e3o Doutoral - iMM","isPartOf":{"@id":"https:\/\/imm.medicina.ulisboa.pt\/#website"},"datePublished":"2018-12-27T12:13:46+00:00","dateModified":"2022-01-26T17:49:52+00:00","description":"O iMM procura recrutar alunos excepcionalmente motivados e empenhados. Saiba mais.","breadcrumb":{"@id":"https:\/\/imm.medicina.ulisboa.pt\/pt-pt\/doutoramentos\/phd-training\/#breadcrumb"},"inLanguage":"pt-PT","potentialAction":[{"@type":"ReadAction","target":["https:\/\/imm.medicina.ulisboa.pt\/pt-pt\/doutoramentos\/phd-training\/"]}]},{"@type":"BreadcrumbList","@id":"https:\/\/imm.medicina.ulisboa.pt\/pt-pt\/doutoramentos\/phd-training\/#breadcrumb","itemListElement":[{"@type":"ListItem","position":1,"name":"In\u00edcio","item":"https:\/\/imm.medicina.ulisboa.pt\/pt-pt\/"},{"@type":"ListItem","position":2,"name":"Doutoramentos","item":"https:\/\/imm.medicina.ulisboa.pt\/pt-pt\/doutoramentos\/"},{"@type":"ListItem","position":3,"name":"Forma\u00e7\u00e3o Doutoral"}]}]}},"_links":{"self":[{"href":"https:\/\/imm.medicina.ulisboa.pt\/pt-pt\/wp-json\/wp\/v2\/pages\/18404"}],"collection":[{"href":"https:\/\/imm.medicina.ulisboa.pt\/pt-pt\/wp-json\/wp\/v2\/pages"}],"about":[{"href":"https:\/\/imm.medicina.ulisboa.pt\/pt-pt\/wp-json\/wp\/v2\/types\/page"}],"author":[{"embeddable":true,"href":"https:\/\/imm.medicina.ulisboa.pt\/pt-pt\/wp-json\/wp\/v2\/users\/1"}],"replies":[{"embeddable":true,"href":"https:\/\/imm.medicina.ulisboa.pt\/pt-pt\/wp-json\/wp\/v2\/comments?post=18404"}],"version-history":[{"count":6,"href":"https:\/\/imm.medicina.ulisboa.pt\/pt-pt\/wp-json\/wp\/v2\/pages\/18404\/revisions"}],"predecessor-version":[{"id":52888,"href":"https:\/\/imm.medicina.ulisboa.pt\/pt-pt\/wp-json\/wp\/v2\/pages\/18404\/revisions\/52888"}],"up":[{"embeddable":true,"href":"https:\/\/imm.medicina.ulisboa.pt\/pt-pt\/wp-json\/wp\/v2\/pages\/18402"}],"wp:attachment":[{"href":"https:\/\/imm.medicina.ulisboa.pt\/pt-pt\/wp-json\/wp\/v2\/media?parent=18404"}],"curies":[{"name":"wp","href":"https:\/\/api.w.org\/{rel}","templated":true}]}}