{"id":17599,"date":"2018-12-21T16:39:59","date_gmt":"2018-12-21T16:39:59","guid":{"rendered":"https:\/\/imm.medicina.ulisboa.pt\/?page_id=17599"},"modified":"2023-11-14T17:28:31","modified_gmt":"2023-11-14T17:28:31","slug":"ciencia-e-sociedade-2","status":"publish","type":"page","link":"https:\/\/imm.medicina.ulisboa.pt\/pt-pt\/ciencia-e-sociedade-2\/","title":{"rendered":"Ci\u00eancia e Sociedade"},"content":{"rendered":"<p style=\"text-align: left;\">Os cientistas no iMM trabalham em \u00e1reas importantes para a sa\u00fade humana, como a oncologia, doen\u00e7as infeciosas, doen\u00e7as neurodegenerativas, entre muitas outras e pretendem entender os mecanismos que levam a essas doen\u00e7as, descobrindo pistas para melhores diagn\u00f3sticos e novos tratamentos.<\/p>\n<p style=\"text-align: left;\">Como esses s\u00e3o temas absolutamente relevantes para a sociedade, \u00e9 extremamente importante tornar a investiga\u00e7\u00e3o desenvolvida no iMM mais percept\u00edvel e aumentar o envolvimento das pessoas com a ci\u00eancia.<\/p>\n<p style=\"text-align: left;\">Um programa estruturado e que promova uma comunica\u00e7\u00e3o bidirecional entre os cientistas e os cidad\u00e3os, est\u00e1 atualmente a ser desenvolvido e implementado no iMM.<\/p>\n","protected":false},"excerpt":{"rendered":"<p>Os cientistas no iMM trabalham em \u00e1reas importantes para a sa\u00fade humana, como a oncologia, doen\u00e7as infeciosas, doen\u00e7as neurodegenerativas, entre muitas outras e pretendem entender os mecanismos que levam a essas doen\u00e7as, descobrindo pistas para melhores diagn\u00f3sticos e novos tratamentos. Como esses s\u00e3o temas absolutamente relevantes para a sociedade, \u00e9 extremamente importante tornar a investiga\u00e7\u00e3o [&hellip;]<\/p>\n","protected":false},"author":1,"featured_media":0,"parent":0,"menu_order":0,"comment_status":"closed","ping_status":"closed","template":"","meta":[],"yoast_head":"<!-- This site is optimized with the Yoast SEO plugin v17.4 - https:\/\/yoast.com\/wordpress\/plugins\/seo\/ -->\n<title>Ci\u00eancia e Sociedade - iMM<\/title>\n<meta name=\"description\" content=\"Um programa estruturado para promover uma comunica\u00e7\u00e3o bidirecional entre os cientistas e os cidad\u00e3os. Saiba mais.\" \/>\n<meta name=\"robots\" content=\"index, follow, max-snippet:-1, max-image-preview:large, max-video-preview:-1\" \/>\n<link rel=\"canonical\" href=\"https:\/\/imm.medicina.ulisboa.pt\/pt-pt\/ciencia-e-sociedade-2\/\" \/>\n<meta property=\"og:locale\" content=\"pt_PT\" \/>\n<meta property=\"og:type\" content=\"article\" \/>\n<meta property=\"og:title\" content=\"Ci\u00eancia e Sociedade - iMM\" \/>\n<meta property=\"og:description\" content=\"Um programa estruturado para promover uma comunica\u00e7\u00e3o bidirecional entre os cientistas e os cidad\u00e3os. Saiba mais.\" \/>\n<meta property=\"og:url\" content=\"https:\/\/imm.medicina.ulisboa.pt\/pt-pt\/ciencia-e-sociedade-2\/\" \/>\n<meta property=\"og:site_name\" content=\"iMM\" \/>\n<meta property=\"article:modified_time\" content=\"2023-11-14T17:28:31+00:00\" \/>\n<meta name=\"twitter:card\" content=\"summary_large_image\" \/>\n<meta name=\"twitter:label1\" content=\"Tempo estimado de leitura\" \/>\n\t<meta name=\"twitter:data1\" content=\"1 minuto\" \/>\n<script type=\"application\/ld+json\" class=\"yoast-schema-graph\">{\"@context\":\"https:\/\/schema.org\",\"@graph\":[{\"@type\":\"WebSite\",\"@id\":\"https:\/\/imm.medicina.ulisboa.pt\/#website\",\"url\":\"https:\/\/imm.medicina.ulisboa.pt\/\",\"name\":\"iMM\",\"description\":\"Bem-Vindo ao iMM Jo\\u00e3o Lobo Antunes\",\"potentialAction\":[{\"@type\":\"SearchAction\",\"target\":{\"@type\":\"EntryPoint\",\"urlTemplate\":\"https:\/\/imm.medicina.ulisboa.pt\/?s={search_term_string}\"},\"query-input\":\"required name=search_term_string\"}],\"inLanguage\":\"pt-PT\"},{\"@type\":\"WebPage\",\"@id\":\"https:\/\/imm.medicina.ulisboa.pt\/pt-pt\/ciencia-e-sociedade-2\/#webpage\",\"url\":\"https:\/\/imm.medicina.ulisboa.pt\/pt-pt\/ciencia-e-sociedade-2\/\",\"name\":\"Ci\\u00eancia e Sociedade - iMM\",\"isPartOf\":{\"@id\":\"https:\/\/imm.medicina.ulisboa.pt\/#website\"},\"datePublished\":\"2018-12-21T16:39:59+00:00\",\"dateModified\":\"2023-11-14T17:28:31+00:00\",\"description\":\"Um programa estruturado para promover uma comunica\\u00e7\\u00e3o bidirecional entre os cientistas e os cidad\\u00e3os. Saiba mais.\",\"breadcrumb\":{\"@id\":\"https:\/\/imm.medicina.ulisboa.pt\/pt-pt\/ciencia-e-sociedade-2\/#breadcrumb\"},\"inLanguage\":\"pt-PT\",\"potentialAction\":[{\"@type\":\"ReadAction\",\"target\":[\"https:\/\/imm.medicina.ulisboa.pt\/pt-pt\/ciencia-e-sociedade-2\/\"]}]},{\"@type\":\"BreadcrumbList\",\"@id\":\"https:\/\/imm.medicina.ulisboa.pt\/pt-pt\/ciencia-e-sociedade-2\/#breadcrumb\",\"itemListElement\":[{\"@type\":\"ListItem\",\"position\":1,\"name\":\"In\\u00edcio\",\"item\":\"https:\/\/imm.medicina.ulisboa.pt\/pt-pt\/\"},{\"@type\":\"ListItem\",\"position\":2,\"name\":\"Ci\\u00eancia e Sociedade\"}]}]}<\/script>\n<!-- \/ Yoast SEO plugin. -->","yoast_head_json":{"title":"Ci\u00eancia e Sociedade - iMM","description":"Um programa estruturado para promover uma comunica\u00e7\u00e3o bidirecional entre os cientistas e os cidad\u00e3os. Saiba mais.","robots":{"index":"index","follow":"follow","max-snippet":"max-snippet:-1","max-image-preview":"max-image-preview:large","max-video-preview":"max-video-preview:-1"},"canonical":"https:\/\/imm.medicina.ulisboa.pt\/pt-pt\/ciencia-e-sociedade-2\/","og_locale":"pt_PT","og_type":"article","og_title":"Ci\u00eancia e Sociedade - iMM","og_description":"Um programa estruturado para promover uma comunica\u00e7\u00e3o bidirecional entre os cientistas e os cidad\u00e3os. Saiba mais.","og_url":"https:\/\/imm.medicina.ulisboa.pt\/pt-pt\/ciencia-e-sociedade-2\/","og_site_name":"iMM","article_modified_time":"2023-11-14T17:28:31+00:00","twitter_card":"summary_large_image","twitter_misc":{"Tempo estimado de leitura":"1 minuto"},"schema":{"@context":"https:\/\/schema.org","@graph":[{"@type":"WebSite","@id":"https:\/\/imm.medicina.ulisboa.pt\/#website","url":"https:\/\/imm.medicina.ulisboa.pt\/","name":"iMM","description":"Bem-Vindo ao iMM Jo\u00e3o Lobo Antunes","potentialAction":[{"@type":"SearchAction","target":{"@type":"EntryPoint","urlTemplate":"https:\/\/imm.medicina.ulisboa.pt\/?s={search_term_string}"},"query-input":"required name=search_term_string"}],"inLanguage":"pt-PT"},{"@type":"WebPage","@id":"https:\/\/imm.medicina.ulisboa.pt\/pt-pt\/ciencia-e-sociedade-2\/#webpage","url":"https:\/\/imm.medicina.ulisboa.pt\/pt-pt\/ciencia-e-sociedade-2\/","name":"Ci\u00eancia e Sociedade - iMM","isPartOf":{"@id":"https:\/\/imm.medicina.ulisboa.pt\/#website"},"datePublished":"2018-12-21T16:39:59+00:00","dateModified":"2023-11-14T17:28:31+00:00","description":"Um programa estruturado para promover uma comunica\u00e7\u00e3o bidirecional entre os cientistas e os cidad\u00e3os. Saiba mais.","breadcrumb":{"@id":"https:\/\/imm.medicina.ulisboa.pt\/pt-pt\/ciencia-e-sociedade-2\/#breadcrumb"},"inLanguage":"pt-PT","potentialAction":[{"@type":"ReadAction","target":["https:\/\/imm.medicina.ulisboa.pt\/pt-pt\/ciencia-e-sociedade-2\/"]}]},{"@type":"BreadcrumbList","@id":"https:\/\/imm.medicina.ulisboa.pt\/pt-pt\/ciencia-e-sociedade-2\/#breadcrumb","itemListElement":[{"@type":"ListItem","position":1,"name":"In\u00edcio","item":"https:\/\/imm.medicina.ulisboa.pt\/pt-pt\/"},{"@type":"ListItem","position":2,"name":"Ci\u00eancia e Sociedade"}]}]}},"_links":{"self":[{"href":"https:\/\/imm.medicina.ulisboa.pt\/pt-pt\/wp-json\/wp\/v2\/pages\/17599"}],"collection":[{"href":"https:\/\/imm.medicina.ulisboa.pt\/pt-pt\/wp-json\/wp\/v2\/pages"}],"about":[{"href":"https:\/\/imm.medicina.ulisboa.pt\/pt-pt\/wp-json\/wp\/v2\/types\/page"}],"author":[{"embeddable":true,"href":"https:\/\/imm.medicina.ulisboa.pt\/pt-pt\/wp-json\/wp\/v2\/users\/1"}],"replies":[{"embeddable":true,"href":"https:\/\/imm.medicina.ulisboa.pt\/pt-pt\/wp-json\/wp\/v2\/comments?post=17599"}],"version-history":[{"count":5,"href":"https:\/\/imm.medicina.ulisboa.pt\/pt-pt\/wp-json\/wp\/v2\/pages\/17599\/revisions"}],"predecessor-version":[{"id":407301,"href":"https:\/\/imm.medicina.ulisboa.pt\/pt-pt\/wp-json\/wp\/v2\/pages\/17599\/revisions\/407301"}],"wp:attachment":[{"href":"https:\/\/imm.medicina.ulisboa.pt\/pt-pt\/wp-json\/wp\/v2\/media?parent=17599"}],"curies":[{"name":"wp","href":"https:\/\/api.w.org\/{rel}","templated":true}]}}