{"id":17320,"date":"2018-08-28T10:17:39","date_gmt":"2018-08-28T09:17:39","guid":{"rendered":"https:\/\/imm.medicina.ulisboa.pt\/?page_id=17320"},"modified":"2019-11-18T17:43:10","modified_gmt":"2019-11-18T17:43:10","slug":"emprego","status":"publish","type":"page","link":"https:\/\/imm.medicina.ulisboa.pt\/pt-pt\/emprego\/","title":{"rendered":"Emprego"},"content":{"rendered":"","protected":false},"excerpt":{"rendered":"","protected":false},"author":1,"featured_media":17520,"parent":0,"menu_order":0,"comment_status":"closed","ping_status":"closed","template":"tpl-jobs.php","meta":[],"yoast_head":"<!-- This site is optimized with the Yoast SEO plugin v17.4 - https:\/\/yoast.com\/wordpress\/plugins\/seo\/ -->\n<title>Emprego - iMM<\/title>\n<meta name=\"description\" content=\"Vagas dispon\u00edveis e resultados: integre uma organiza\u00e7\u00e3o din\u00e2mica, criativa e aberta, com uma cultura de inova\u00e7\u00e3o e colabora\u00e7\u00e3o constante.\" \/>\n<meta name=\"robots\" content=\"index, follow, max-snippet:-1, max-image-preview:large, max-video-preview:-1\" \/>\n<link rel=\"canonical\" href=\"https:\/\/imm.medicina.ulisboa.pt\/pt-pt\/emprego\/\" \/>\n<meta property=\"og:locale\" content=\"pt_PT\" \/>\n<meta property=\"og:type\" content=\"article\" \/>\n<meta property=\"og:title\" content=\"Emprego - iMM\" \/>\n<meta property=\"og:description\" content=\"Vagas dispon\u00edveis e resultados: integre uma organiza\u00e7\u00e3o din\u00e2mica, criativa e aberta, com uma cultura de inova\u00e7\u00e3o e colabora\u00e7\u00e3o constante.\" \/>\n<meta property=\"og:url\" content=\"https:\/\/imm.medicina.ulisboa.pt\/pt-pt\/emprego\/\" \/>\n<meta property=\"og:site_name\" content=\"iMM\" \/>\n<meta property=\"article:modified_time\" content=\"2019-11-18T17:43:10+00:00\" \/>\n<meta property=\"og:image\" content=\"https:\/\/imm.medicina.ulisboa.pt\/wp-content\/uploads\/2018\/12\/jobs.jpg\" \/>\n\t<meta property=\"og:image:width\" content=\"1920\" \/>\n\t<meta property=\"og:image:height\" content=\"1275\" \/>\n<meta name=\"twitter:card\" content=\"summary_large_image\" \/>\n<script type=\"application\/ld+json\" class=\"yoast-schema-graph\">{\"@context\":\"https:\/\/schema.org\",\"@graph\":[{\"@type\":\"WebSite\",\"@id\":\"https:\/\/imm.medicina.ulisboa.pt\/#website\",\"url\":\"https:\/\/imm.medicina.ulisboa.pt\/\",\"name\":\"iMM\",\"description\":\"Bem-Vindo ao iMM Jo\\u00e3o Lobo Antunes\",\"potentialAction\":[{\"@type\":\"SearchAction\",\"target\":{\"@type\":\"EntryPoint\",\"urlTemplate\":\"https:\/\/imm.medicina.ulisboa.pt\/?s={search_term_string}\"},\"query-input\":\"required name=search_term_string\"}],\"inLanguage\":\"pt-PT\"},{\"@type\":\"ImageObject\",\"@id\":\"https:\/\/imm.medicina.ulisboa.pt\/pt-pt\/emprego\/#primaryimage\",\"inLanguage\":\"pt-PT\",\"url\":\"https:\/\/imm.medicina.ulisboa.pt\/wp-content\/uploads\/2018\/12\/jobs.jpg\",\"contentUrl\":\"https:\/\/imm.medicina.ulisboa.pt\/wp-content\/uploads\/2018\/12\/jobs.jpg\",\"width\":1920,\"height\":1275},{\"@type\":\"WebPage\",\"@id\":\"https:\/\/imm.medicina.ulisboa.pt\/pt-pt\/emprego\/#webpage\",\"url\":\"https:\/\/imm.medicina.ulisboa.pt\/pt-pt\/emprego\/\",\"name\":\"Emprego - iMM\",\"isPartOf\":{\"@id\":\"https:\/\/imm.medicina.ulisboa.pt\/#website\"},\"primaryImageOfPage\":{\"@id\":\"https:\/\/imm.medicina.ulisboa.pt\/pt-pt\/emprego\/#primaryimage\"},\"datePublished\":\"2018-08-28T09:17:39+00:00\",\"dateModified\":\"2019-11-18T17:43:10+00:00\",\"description\":\"Vagas dispon\\u00edveis e resultados: integre uma organiza\\u00e7\\u00e3o din\\u00e2mica, criativa e aberta, com uma cultura de inova\\u00e7\\u00e3o e colabora\\u00e7\\u00e3o constante.\",\"breadcrumb\":{\"@id\":\"https:\/\/imm.medicina.ulisboa.pt\/pt-pt\/emprego\/#breadcrumb\"},\"inLanguage\":\"pt-PT\",\"potentialAction\":[{\"@type\":\"ReadAction\",\"target\":[\"https:\/\/imm.medicina.ulisboa.pt\/pt-pt\/emprego\/\"]}]},{\"@type\":\"BreadcrumbList\",\"@id\":\"https:\/\/imm.medicina.ulisboa.pt\/pt-pt\/emprego\/#breadcrumb\",\"itemListElement\":[{\"@type\":\"ListItem\",\"position\":1,\"name\":\"In\\u00edcio\",\"item\":\"https:\/\/imm.medicina.ulisboa.pt\/pt-pt\/\"},{\"@type\":\"ListItem\",\"position\":2,\"name\":\"Emprego\"}]}]}<\/script>\n<!-- \/ Yoast SEO plugin. -->","yoast_head_json":{"title":"Emprego - iMM","description":"Vagas dispon\u00edveis e resultados: integre uma organiza\u00e7\u00e3o din\u00e2mica, criativa e aberta, com uma cultura de inova\u00e7\u00e3o e colabora\u00e7\u00e3o constante.","robots":{"index":"index","follow":"follow","max-snippet":"max-snippet:-1","max-image-preview":"max-image-preview:large","max-video-preview":"max-video-preview:-1"},"canonical":"https:\/\/imm.medicina.ulisboa.pt\/pt-pt\/emprego\/","og_locale":"pt_PT","og_type":"article","og_title":"Emprego - iMM","og_description":"Vagas dispon\u00edveis e resultados: integre uma organiza\u00e7\u00e3o din\u00e2mica, criativa e aberta, com uma cultura de inova\u00e7\u00e3o e colabora\u00e7\u00e3o constante.","og_url":"https:\/\/imm.medicina.ulisboa.pt\/pt-pt\/emprego\/","og_site_name":"iMM","article_modified_time":"2019-11-18T17:43:10+00:00","og_image":[{"width":1920,"height":1275,"url":"https:\/\/imm.medicina.ulisboa.pt\/wp-content\/uploads\/2018\/12\/jobs.jpg","type":"image\/jpeg"}],"twitter_card":"summary_large_image","schema":{"@context":"https:\/\/schema.org","@graph":[{"@type":"WebSite","@id":"https:\/\/imm.medicina.ulisboa.pt\/#website","url":"https:\/\/imm.medicina.ulisboa.pt\/","name":"iMM","description":"Bem-Vindo ao iMM Jo\u00e3o Lobo Antunes","potentialAction":[{"@type":"SearchAction","target":{"@type":"EntryPoint","urlTemplate":"https:\/\/imm.medicina.ulisboa.pt\/?s={search_term_string}"},"query-input":"required name=search_term_string"}],"inLanguage":"pt-PT"},{"@type":"ImageObject","@id":"https:\/\/imm.medicina.ulisboa.pt\/pt-pt\/emprego\/#primaryimage","inLanguage":"pt-PT","url":"https:\/\/imm.medicina.ulisboa.pt\/wp-content\/uploads\/2018\/12\/jobs.jpg","contentUrl":"https:\/\/imm.medicina.ulisboa.pt\/wp-content\/uploads\/2018\/12\/jobs.jpg","width":1920,"height":1275},{"@type":"WebPage","@id":"https:\/\/imm.medicina.ulisboa.pt\/pt-pt\/emprego\/#webpage","url":"https:\/\/imm.medicina.ulisboa.pt\/pt-pt\/emprego\/","name":"Emprego - iMM","isPartOf":{"@id":"https:\/\/imm.medicina.ulisboa.pt\/#website"},"primaryImageOfPage":{"@id":"https:\/\/imm.medicina.ulisboa.pt\/pt-pt\/emprego\/#primaryimage"},"datePublished":"2018-08-28T09:17:39+00:00","dateModified":"2019-11-18T17:43:10+00:00","description":"Vagas dispon\u00edveis e resultados: integre uma organiza\u00e7\u00e3o din\u00e2mica, criativa e aberta, com uma cultura de inova\u00e7\u00e3o e colabora\u00e7\u00e3o constante.","breadcrumb":{"@id":"https:\/\/imm.medicina.ulisboa.pt\/pt-pt\/emprego\/#breadcrumb"},"inLanguage":"pt-PT","potentialAction":[{"@type":"ReadAction","target":["https:\/\/imm.medicina.ulisboa.pt\/pt-pt\/emprego\/"]}]},{"@type":"BreadcrumbList","@id":"https:\/\/imm.medicina.ulisboa.pt\/pt-pt\/emprego\/#breadcrumb","itemListElement":[{"@type":"ListItem","position":1,"name":"In\u00edcio","item":"https:\/\/imm.medicina.ulisboa.pt\/pt-pt\/"},{"@type":"ListItem","position":2,"name":"Emprego"}]}]}},"_links":{"self":[{"href":"https:\/\/imm.medicina.ulisboa.pt\/pt-pt\/wp-json\/wp\/v2\/pages\/17320"}],"collection":[{"href":"https:\/\/imm.medicina.ulisboa.pt\/pt-pt\/wp-json\/wp\/v2\/pages"}],"about":[{"href":"https:\/\/imm.medicina.ulisboa.pt\/pt-pt\/wp-json\/wp\/v2\/types\/page"}],"author":[{"embeddable":true,"href":"https:\/\/imm.medicina.ulisboa.pt\/pt-pt\/wp-json\/wp\/v2\/users\/1"}],"replies":[{"embeddable":true,"href":"https:\/\/imm.medicina.ulisboa.pt\/pt-pt\/wp-json\/wp\/v2\/comments?post=17320"}],"version-history":[{"count":2,"href":"https:\/\/imm.medicina.ulisboa.pt\/pt-pt\/wp-json\/wp\/v2\/pages\/17320\/revisions"}],"predecessor-version":[{"id":17329,"href":"https:\/\/imm.medicina.ulisboa.pt\/pt-pt\/wp-json\/wp\/v2\/pages\/17320\/revisions\/17329"}],"wp:featuredmedia":[{"embeddable":true,"href":"https:\/\/imm.medicina.ulisboa.pt\/pt-pt\/wp-json\/wp\/v2\/media\/17520"}],"wp:attachment":[{"href":"https:\/\/imm.medicina.ulisboa.pt\/pt-pt\/wp-json\/wp\/v2\/media?parent=17320"}],"curies":[{"name":"wp","href":"https:\/\/api.w.org\/{rel}","templated":true}]}}