{"id":17315,"date":"2018-08-16T11:49:33","date_gmt":"2018-08-16T10:49:33","guid":{"rendered":"https:\/\/imm.medicina.ulisboa.pt\/?page_id=17315"},"modified":"2025-09-11T17:24:04","modified_gmt":"2025-09-11T16:24:04","slug":"imm","status":"publish","type":"page","link":"https:\/\/imm.medicina.ulisboa.pt\/pt-pt\/acerca\/imm\/","title":{"rendered":"Mensagem da Dire\u00e7\u00e3o"},"content":{"rendered":"<blockquote>\n<h2><img loading=\"lazy\" class=\"aligncenter wp-image-410647 size-large\" src=\"http:\/\/imm.medicina.ulisboa.pt\/wp-content\/uploads\/2023\/07\/DSC00007-1024x576.jpg\" alt=\"\" width=\"1024\" height=\"576\" srcset=\"https:\/\/imm.medicina.ulisboa.pt\/wp-content\/uploads\/2023\/07\/DSC00007-1024x576.jpg 1024w, https:\/\/imm.medicina.ulisboa.pt\/wp-content\/uploads\/2023\/07\/DSC00007-300x169.jpg 300w, https:\/\/imm.medicina.ulisboa.pt\/wp-content\/uploads\/2023\/07\/DSC00007-768x432.jpg 768w, https:\/\/imm.medicina.ulisboa.pt\/wp-content\/uploads\/2023\/07\/DSC00007-1536x864.jpg 1536w, https:\/\/imm.medicina.ulisboa.pt\/wp-content\/uploads\/2023\/07\/DSC00007-2048x1152.jpg 2048w\" sizes=\"(max-width: 1024px) 100vw, 1024px\" \/><\/h2>\n<p style=\"text-align: left;\">Ao longo dos \u00faltimos anos, o iMM tornou-se um local onde investigadores e apoiantes da investiga\u00e7\u00e3o, cl\u00ednicos e estudantes de todo o mundo se sentem bem-vindos e em casa. Juntos, criamos uma cultura de excel\u00eancia, inova\u00e7\u00e3o, rigor e colabora\u00e7\u00e3o que nos tem ajudado a enfrentar alguns dos maiores desafios das ci\u00eancias da vida, da sa\u00fade e da doen\u00e7a.<\/p>\n<\/blockquote>\n<p style=\"text-align: left;\">Estamos entusiasmados por poder dizer que 2022 foi um ano not\u00e1vel para a comunidade do iMM. Ap\u00f3s alguns anos sombrios (devido \u00e0 COVID-19), 2022 foi recebido com grande entusiasmo pelos membros do iMM. Os laborat\u00f3rios voltaram a estar agitados, as m\u00e1scaras foram retiradas, as intera\u00e7\u00f5es sociais foram retomadas, a cafetaria (re)abriu as suas portas&#8230; e, acima de tudo, a ci\u00eancia prosperou com muitas descobertas.<\/p>\n<p style=\"text-align: left;\">Entre alguns dos avan\u00e7os destacados adiante, a equipa do S\u00e9rgio de Almeida identificou um novo mecanismo que regula a express\u00e3o gen\u00e9tica nas c\u00e9lulas, crucial para definir o tipo e a fun\u00e7\u00e3o de uma c\u00e9lula. O grupo da Lu\u00edsa Figueiredo fez uma descoberta inovadora sobre a estabilidade do mRNA, com implica\u00e7\u00f5es para estrat\u00e9gias profil\u00e1ticas e terap\u00eauticas baseadas em RNA. E a Cl\u00e1udia Faria e a sua equipa criaram uma biblioteca de modelos de met\u00e1stases cerebrais tumorais que mimetizam a doen\u00e7a em humanos, proporcionando novas abordagens para a descoberta de f\u00e1rmacos e terap\u00eauticas.<\/p>\n<p style=\"text-align: left;\">Tamb\u00e9m podemos desfrutar do tempo que passamos juntos novamente. O ano foi certamente marcado por um fant\u00e1stico retiro que juntou 320 membros da comunidade iMM e o nosso Conselho Cient\u00edfico Consultivo na Costa da Caparica para celebrar a nossa ci\u00eancia e as nossas descobertas. Al\u00e9m disso, o 2\u00ba encontro da Comunidade COLife teve lugar no Forte de S. Juli\u00e3o da Barra em Oeiras e, num ambiente estimulante, 260 membros de 5 institui\u00e7\u00f5es de investiga\u00e7\u00e3o distintas da zona de Lisboa-Oeiras mostraram-se entusiasmados por partilhar experi\u00eancias e conhecimentos.<\/p>\n<p style=\"text-align: left;\">Como tamb\u00e9m temos de nos preparar para futuras descobertas, uma das realiza\u00e7\u00f5es mais not\u00e1veis de 2022 foi o sucesso dos l\u00edderes dos nossos grupos, Lu\u00eds Gra\u00e7a e Cl\u00e1udio Franco, na obten\u00e7\u00e3o de bolsas de Investiga\u00e7\u00e3o em Sa\u00fade da Funda\u00e7\u00e3o \u201cla Caixa\u201d. Elevando para 11 o n\u00famero total de bolsas deste tipo atribu\u00eddas ao iMM, o que atesta a qualidade e o impacto da nossa investiga\u00e7\u00e3o. Estamos tamb\u00e9m muito satisfeitos pelo facto do Jo\u00e3o Barata e a p\u00f3s-doutorada s\u00e9nior Ana Rita Fragoso terem recebido financiamento \u201cProva de Conceito\u201d (<em>\u201cProof of Concept\u201d<\/em>) do Conselho Europeu de Investiga\u00e7\u00e3o (ERC) para explorar o potencial de uma terapia espec\u00edfica para o cancro baseada em microRNA.<\/p>\n<p style=\"text-align: left;\">Para al\u00e9m destes sucessos de financiamento externo, ficamos entusiasmados por reintroduzir o nosso esquema intramural, <em>&#8220;BIG &#8211; Breakthrough Idea Grant&#8221;<\/em>, que atribuiu fundos institucionais a 3 projectos, liderados por S\u00e9rgio de Almeida e Edgar Gomes; Leonor Sa\u00fade; e Lu\u00edsa Figueiredo e Claus Azzalin. Estes projectos exemplificam o esp\u00edrito inovador e colaborativo da comunidade iMM e t\u00eam o potencial de causar um impacto real na sa\u00fade humana.<\/p>\n<p style=\"text-align: left;\">Em 2022, celebramos tamb\u00e9m o trabalho dos nossos formandos a todos os n\u00edveis. Foi com grande entusiasmo que apresentamos os pr\u00e9mios anuais para as melhores teses de mestrado e doutoramento e tamb\u00e9m &#8211; pela primeira vez &#8211; um novo pr\u00e9mio dirigido aos bolseiros de p\u00f3s-doutoramento. Estes pr\u00e9mios s\u00e3o um tributo \u00e0 dedica\u00e7\u00e3o e ao trabalho \u00e1rduo dos nossos formandos e dos seus mentores, e estamos muito satisfeitos por apoiar a pr\u00f3xima gera\u00e7\u00e3o de l\u00edderes cient\u00edficos. Temos tamb\u00e9m vindo a preparar-nos para estabelecer e estar em contacto muito mais pr\u00f3ximo com antigos membros da nossa comunidade. Assim, em 2022, fundamos oficialmente a Comunidade de <em>Alumni<\/em> do iMM, espalhada por 25 pa\u00edses nos 5 continentes, para fornecer contributos e feedback valiosos sobre o impacto dos nossos programas e promover o trabalho em rede internacional.<\/p>\n<p style=\"text-align: left;\">E n\u00e3o pod\u00edamos ter terminado o ano da melhor forma: em dezembro recebemos a not\u00edcia de que a nossa proposta <em>&#8220;Teaming&#8221;<\/em> foi aprovada pela Comiss\u00e3o Europeia! Este ambicioso projeto permitir-nos-\u00e1 implementar toda a vis\u00e3o que temos para o iMM, em colabora\u00e7\u00e3o com os nossos principais parceiros do <em>Vall d&#8217; Hebron Institute of Research (VHIR)<\/em>. O nosso objetivo para o iMM-CARE \u00e9 alcan\u00e7ar a excel\u00eancia na investiga\u00e7\u00e3o cl\u00ednica e translacional com um modelo de investiga\u00e7\u00e3o e inova\u00e7\u00e3o (I&amp;I) orientado para a miss\u00e3o, centrado no ser humano e baseado em dados, como uma nova forma de envolver todas as partes interessadas &#8211; cidad\u00e3os, doentes, profissionais de sa\u00fade, cientistas, empres\u00e1rios, ind\u00fastria, autoridades de sa\u00fade e governo &#8211; em colabora\u00e7\u00f5es interdisciplinares e intersetoriais para resolver desafios de sa\u00fade. E estas not\u00edcias chegaram mesmo a tempo de serem celebradas numa maravilhosa festa de Natal (ou como lhe queiram chamar), que mais uma vez teve lugar no &#8220;Ferrovi\u00e1rio&#8221;, e que proporcionou muitos momentos inesquec\u00edveis, como o v\u00eddeo vencedor do j\u00e1 tradicional desafio).<\/p>\n<p style=\"text-align: left;\">Ao olharmos para 2023 e para o futuro, estamos confiantes de que o iMM continuar\u00e1 a ser uma casa vibrante e din\u00e2mica para a excel\u00eancia da investiga\u00e7\u00e3o, inova\u00e7\u00e3o e colabora\u00e7\u00e3o. Estamos entusiasmados por ver o que o futuro reserva \u00e0 nossa comunidade e esperamos dar as boas-vindas a novos membros da nossa fam\u00edlia cient\u00edfica.<\/p>\n<p>Obrigado pelo vosso apoio cont\u00ednuo, dedica\u00e7\u00e3o e entusiasmo pelo iMM!<\/p>\n<p style=\"text-align: left;\"><strong>Maria Manuel Mota <\/strong>(Diretora Executiva) e <strong>Bruno Silva-Santos<\/strong> (Vice-Diretor)<\/p>\n","protected":false},"excerpt":{"rendered":"<p>Ao longo dos \u00faltimos anos, o iMM tornou-se um local onde investigadores e apoiantes da investiga\u00e7\u00e3o, cl\u00ednicos e estudantes de todo o mundo se sentem bem-vindos e em casa. Juntos, criamos uma cultura de excel\u00eancia, inova\u00e7\u00e3o, rigor e colabora\u00e7\u00e3o que nos tem ajudado a enfrentar alguns dos maiores desafios das ci\u00eancias da vida, da sa\u00fade [&hellip;]<\/p>\n","protected":false},"author":1,"featured_media":0,"parent":17313,"menu_order":0,"comment_status":"closed","ping_status":"closed","template":"","meta":[],"yoast_head":"<!-- This site is optimized with the Yoast SEO plugin v17.4 - https:\/\/yoast.com\/wordpress\/plugins\/seo\/ -->\n<title>Sobre - iMM<\/title>\n<meta name=\"description\" content=\"Um instituto de investiga\u00e7\u00e3o biom\u00e9dica de excel\u00eancia, em investiga\u00e7\u00e3o b\u00e1sica e cl\u00ednica, com a miss\u00e3o de melhorar a sa\u00fade humana.\" \/>\n<meta name=\"robots\" content=\"index, follow, max-snippet:-1, max-image-preview:large, max-video-preview:-1\" \/>\n<link rel=\"canonical\" href=\"https:\/\/imm.medicina.ulisboa.pt\/pt-pt\/acerca\/imm\/\" \/>\n<meta property=\"og:locale\" content=\"pt_PT\" \/>\n<meta property=\"og:type\" content=\"article\" \/>\n<meta property=\"og:title\" content=\"Sobre - iMM\" \/>\n<meta property=\"og:description\" content=\"Um instituto de investiga\u00e7\u00e3o biom\u00e9dica de excel\u00eancia, em investiga\u00e7\u00e3o b\u00e1sica e cl\u00ednica, com a miss\u00e3o de melhorar a sa\u00fade humana.\" \/>\n<meta property=\"og:url\" content=\"https:\/\/imm.medicina.ulisboa.pt\/pt-pt\/acerca\/imm\/\" \/>\n<meta property=\"og:site_name\" content=\"iMM\" \/>\n<meta property=\"article:modified_time\" content=\"2025-09-11T16:24:04+00:00\" \/>\n<meta property=\"og:image\" content=\"http:\/\/imm.medicina.ulisboa.pt\/wp-content\/uploads\/2023\/07\/DSC00007-1024x576.jpg\" \/>\n<meta name=\"twitter:card\" content=\"summary_large_image\" \/>\n<meta name=\"twitter:label1\" content=\"Tempo estimado de leitura\" \/>\n\t<meta name=\"twitter:data1\" content=\"4 minutos\" \/>\n<script type=\"application\/ld+json\" class=\"yoast-schema-graph\">{\"@context\":\"https:\/\/schema.org\",\"@graph\":[{\"@type\":\"WebSite\",\"@id\":\"https:\/\/imm.medicina.ulisboa.pt\/#website\",\"url\":\"https:\/\/imm.medicina.ulisboa.pt\/\",\"name\":\"iMM\",\"description\":\"Bem-Vindo ao iMM Jo\\u00e3o Lobo Antunes\",\"potentialAction\":[{\"@type\":\"SearchAction\",\"target\":{\"@type\":\"EntryPoint\",\"urlTemplate\":\"https:\/\/imm.medicina.ulisboa.pt\/?s={search_term_string}\"},\"query-input\":\"required name=search_term_string\"}],\"inLanguage\":\"pt-PT\"},{\"@type\":\"ImageObject\",\"@id\":\"https:\/\/imm.medicina.ulisboa.pt\/pt-pt\/acerca\/imm\/#primaryimage\",\"inLanguage\":\"pt-PT\",\"url\":\"http:\/\/imm.medicina.ulisboa.pt\/wp-content\/uploads\/2023\/07\/DSC00007-1024x576.jpg\",\"contentUrl\":\"http:\/\/imm.medicina.ulisboa.pt\/wp-content\/uploads\/2023\/07\/DSC00007-1024x576.jpg\"},{\"@type\":\"WebPage\",\"@id\":\"https:\/\/imm.medicina.ulisboa.pt\/pt-pt\/acerca\/imm\/#webpage\",\"url\":\"https:\/\/imm.medicina.ulisboa.pt\/pt-pt\/acerca\/imm\/\",\"name\":\"Sobre - iMM\",\"isPartOf\":{\"@id\":\"https:\/\/imm.medicina.ulisboa.pt\/#website\"},\"primaryImageOfPage\":{\"@id\":\"https:\/\/imm.medicina.ulisboa.pt\/pt-pt\/acerca\/imm\/#primaryimage\"},\"datePublished\":\"2018-08-16T10:49:33+00:00\",\"dateModified\":\"2025-09-11T16:24:04+00:00\",\"description\":\"Um instituto de investiga\\u00e7\\u00e3o biom\\u00e9dica de excel\\u00eancia, em investiga\\u00e7\\u00e3o b\\u00e1sica e cl\\u00ednica, com a miss\\u00e3o de melhorar a sa\\u00fade humana.\",\"breadcrumb\":{\"@id\":\"https:\/\/imm.medicina.ulisboa.pt\/pt-pt\/acerca\/imm\/#breadcrumb\"},\"inLanguage\":\"pt-PT\",\"potentialAction\":[{\"@type\":\"ReadAction\",\"target\":[\"https:\/\/imm.medicina.ulisboa.pt\/pt-pt\/acerca\/imm\/\"]}]},{\"@type\":\"BreadcrumbList\",\"@id\":\"https:\/\/imm.medicina.ulisboa.pt\/pt-pt\/acerca\/imm\/#breadcrumb\",\"itemListElement\":[{\"@type\":\"ListItem\",\"position\":1,\"name\":\"In\\u00edcio\",\"item\":\"https:\/\/imm.medicina.ulisboa.pt\/pt-pt\/\"},{\"@type\":\"ListItem\",\"position\":2,\"name\":\"Acerca\",\"item\":\"https:\/\/imm.medicina.ulisboa.pt\/pt-pt\/acerca\/\"},{\"@type\":\"ListItem\",\"position\":3,\"name\":\"Mensagem da Dire\\u00e7\\u00e3o\"}]}]}<\/script>\n<!-- \/ Yoast SEO plugin. -->","yoast_head_json":{"title":"Sobre - iMM","description":"Um instituto de investiga\u00e7\u00e3o biom\u00e9dica de excel\u00eancia, em investiga\u00e7\u00e3o b\u00e1sica e cl\u00ednica, com a miss\u00e3o de melhorar a sa\u00fade humana.","robots":{"index":"index","follow":"follow","max-snippet":"max-snippet:-1","max-image-preview":"max-image-preview:large","max-video-preview":"max-video-preview:-1"},"canonical":"https:\/\/imm.medicina.ulisboa.pt\/pt-pt\/acerca\/imm\/","og_locale":"pt_PT","og_type":"article","og_title":"Sobre - iMM","og_description":"Um instituto de investiga\u00e7\u00e3o biom\u00e9dica de excel\u00eancia, em investiga\u00e7\u00e3o b\u00e1sica e cl\u00ednica, com a miss\u00e3o de melhorar a sa\u00fade humana.","og_url":"https:\/\/imm.medicina.ulisboa.pt\/pt-pt\/acerca\/imm\/","og_site_name":"iMM","article_modified_time":"2025-09-11T16:24:04+00:00","og_image":[{"url":"http:\/\/imm.medicina.ulisboa.pt\/wp-content\/uploads\/2023\/07\/DSC00007-1024x576.jpg"}],"twitter_card":"summary_large_image","twitter_misc":{"Tempo estimado de leitura":"4 minutos"},"schema":{"@context":"https:\/\/schema.org","@graph":[{"@type":"WebSite","@id":"https:\/\/imm.medicina.ulisboa.pt\/#website","url":"https:\/\/imm.medicina.ulisboa.pt\/","name":"iMM","description":"Bem-Vindo ao iMM Jo\u00e3o Lobo Antunes","potentialAction":[{"@type":"SearchAction","target":{"@type":"EntryPoint","urlTemplate":"https:\/\/imm.medicina.ulisboa.pt\/?s={search_term_string}"},"query-input":"required name=search_term_string"}],"inLanguage":"pt-PT"},{"@type":"ImageObject","@id":"https:\/\/imm.medicina.ulisboa.pt\/pt-pt\/acerca\/imm\/#primaryimage","inLanguage":"pt-PT","url":"http:\/\/imm.medicina.ulisboa.pt\/wp-content\/uploads\/2023\/07\/DSC00007-1024x576.jpg","contentUrl":"http:\/\/imm.medicina.ulisboa.pt\/wp-content\/uploads\/2023\/07\/DSC00007-1024x576.jpg"},{"@type":"WebPage","@id":"https:\/\/imm.medicina.ulisboa.pt\/pt-pt\/acerca\/imm\/#webpage","url":"https:\/\/imm.medicina.ulisboa.pt\/pt-pt\/acerca\/imm\/","name":"Sobre - iMM","isPartOf":{"@id":"https:\/\/imm.medicina.ulisboa.pt\/#website"},"primaryImageOfPage":{"@id":"https:\/\/imm.medicina.ulisboa.pt\/pt-pt\/acerca\/imm\/#primaryimage"},"datePublished":"2018-08-16T10:49:33+00:00","dateModified":"2025-09-11T16:24:04+00:00","description":"Um instituto de investiga\u00e7\u00e3o biom\u00e9dica de excel\u00eancia, em investiga\u00e7\u00e3o b\u00e1sica e cl\u00ednica, com a miss\u00e3o de melhorar a sa\u00fade humana.","breadcrumb":{"@id":"https:\/\/imm.medicina.ulisboa.pt\/pt-pt\/acerca\/imm\/#breadcrumb"},"inLanguage":"pt-PT","potentialAction":[{"@type":"ReadAction","target":["https:\/\/imm.medicina.ulisboa.pt\/pt-pt\/acerca\/imm\/"]}]},{"@type":"BreadcrumbList","@id":"https:\/\/imm.medicina.ulisboa.pt\/pt-pt\/acerca\/imm\/#breadcrumb","itemListElement":[{"@type":"ListItem","position":1,"name":"In\u00edcio","item":"https:\/\/imm.medicina.ulisboa.pt\/pt-pt\/"},{"@type":"ListItem","position":2,"name":"Acerca","item":"https:\/\/imm.medicina.ulisboa.pt\/pt-pt\/acerca\/"},{"@type":"ListItem","position":3,"name":"Mensagem da Dire\u00e7\u00e3o"}]}]}},"_links":{"self":[{"href":"https:\/\/imm.medicina.ulisboa.pt\/pt-pt\/wp-json\/wp\/v2\/pages\/17315"}],"collection":[{"href":"https:\/\/imm.medicina.ulisboa.pt\/pt-pt\/wp-json\/wp\/v2\/pages"}],"about":[{"href":"https:\/\/imm.medicina.ulisboa.pt\/pt-pt\/wp-json\/wp\/v2\/types\/page"}],"author":[{"embeddable":true,"href":"https:\/\/imm.medicina.ulisboa.pt\/pt-pt\/wp-json\/wp\/v2\/users\/1"}],"replies":[{"embeddable":true,"href":"https:\/\/imm.medicina.ulisboa.pt\/pt-pt\/wp-json\/wp\/v2\/comments?post=17315"}],"version-history":[{"count":23,"href":"https:\/\/imm.medicina.ulisboa.pt\/pt-pt\/wp-json\/wp\/v2\/pages\/17315\/revisions"}],"predecessor-version":[{"id":410653,"href":"https:\/\/imm.medicina.ulisboa.pt\/pt-pt\/wp-json\/wp\/v2\/pages\/17315\/revisions\/410653"}],"up":[{"embeddable":true,"href":"https:\/\/imm.medicina.ulisboa.pt\/pt-pt\/wp-json\/wp\/v2\/pages\/17313"}],"wp:attachment":[{"href":"https:\/\/imm.medicina.ulisboa.pt\/pt-pt\/wp-json\/wp\/v2\/media?parent=17315"}],"curies":[{"name":"wp","href":"https:\/\/api.w.org\/{rel}","templated":true}]}}